{"id":45428,"date":"2019-06-10T23:00:39","date_gmt":"2019-06-10T23:00:39","guid":{"rendered":"https:\/\/travelsafe.nl\/assortiment\/uncategorized\/basic-poncho-large\/"},"modified":"2023-07-11T14:58:33","modified_gmt":"2023-07-11T14:58:33","slug":"basic-poncho-large","status":"publish","type":"product","link":"https:\/\/travelsafe.nl\/es\/assortiment\/4-esenciales-de-viaje\/ponchos-de-lluvia\/basic-poncho-large\/","title":{"rendered":"Poncho B\u00e1sico L"},"content":{"rendered":"<p>El clima puede cambiar en un segundo, por eso el poncho b\u00e1sico es indispensable para todo caminante. R\u00e1pido de usar y c\u00f3modo de llevar. El poncho te mantiene seco a ti e incluso a tu mochila de excursi\u00f3n. Confeccionado 100 % en poli\u00e9ster, costuras selladas, incluye bolsa de embalaje.<\/p>\n<p>Disponible en Mediano, Grande o Extra Grande.<\/p>\n<p>Dimensiones: L<br \/>\nPeso: 280g<br \/>\nMaterial: Poli\u00e9ster<br \/>\nColor: \u00a0 \u00a0 \u00a0 \u00a0 \u00a0 \u00a0 Azul marino<\/p>\n","protected":false},"excerpt":{"rendered":"<p>El clima puede cambiar en un segundo, por eso el poncho b\u00e1sico es indispensable para todo caminante. R\u00e1pido de usar y c\u00f3modo&hellip;<\/p>\n","protected":false},"featured_media":43863,"template":"","meta":{"_acf_changed":false},"product_brand":[],"product_cat":[2686,2947],"product_tag":[],"class_list":{"0":"post-45428","1":"product","2":"type-product","3":"status-publish","4":"has-post-thumbnail","6":"product_cat-4-esenciales-de-viaje","7":"product_cat-ponchos-de-lluvia","9":"first","10":"instock","11":"purchasable","12":"product-type-simple"},"acf":[],"_links":{"self":[{"href":"https:\/\/travelsafe.nl\/es\/wp-json\/wp\/v2\/product\/45428","targetHints":{"allow":["GET"]}}],"collection":[{"href":"https:\/\/travelsafe.nl\/es\/wp-json\/wp\/v2\/product"}],"about":[{"href":"https:\/\/travelsafe.nl\/es\/wp-json\/wp\/v2\/types\/product"}],"wp:featuredmedia":[{"embeddable":true,"href":"https:\/\/travelsafe.nl\/es\/wp-json\/wp\/v2\/media\/43863"}],"wp:attachment":[{"href":"https:\/\/travelsafe.nl\/es\/wp-json\/wp\/v2\/media?parent=45428"}],"wp:term":[{"taxonomy":"product_brand","embeddable":true,"href":"https:\/\/travelsafe.nl\/es\/wp-json\/wp\/v2\/product_brand?post=45428"},{"taxonomy":"product_cat","embeddable":true,"href":"https:\/\/travelsafe.nl\/es\/wp-json\/wp\/v2\/product_cat?post=45428"},{"taxonomy":"product_tag","embeddable":true,"href":"https:\/\/travelsafe.nl\/es\/wp-json\/wp\/v2\/product_tag?post=45428"}],"curies":[{"name":"wp","href":"https:\/\/api.w.org\/{rel}","templated":true}]}}