{"id":45444,"date":"2019-06-10T23:00:08","date_gmt":"2019-06-10T23:00:08","guid":{"rendered":"https:\/\/travelsafe.nl\/assortiment\/uncategorized\/combipack-cover-medium-zwart\/"},"modified":"2023-07-13T09:27:54","modified_gmt":"2023-07-13T09:27:54","slug":"combipack-cover-medium-zwart","status":"publish","type":"product","link":"https:\/\/travelsafe.nl\/es\/assortiment\/4-esenciales-de-viaje\/bolsas-de-viaje\/transporte-cubiertas-de-lluvia\/combipack-cover-medium-zwart\/","title":{"rendered":"Funda Combipack Funda Transporte M &#8211; Negro &#8211; NUEVO"},"content":{"rendered":"<p>La funda TravelSafe combipack\u00a0es\u00a0una combinaci\u00f3n de una funda para la lluvia y una funda de transporte en una. Esto le permite cerrar completamente su mochila durante su viaje. La cubierta combinada est\u00e1 sellada a prueba de agua, est\u00e1 hecha de un material liviano y se puede plegar en un paquete peque\u00f1o. \u00a1Adecuado para mochilas de hasta 55 litros!<\/p>\n<p>(Consejo: \u00a1utilice siempre un candado TSA TravelSafe para cerrar de forma segura la cubierta combinada!)<\/p>\n<p>Tambi\u00e9n disponible para mochilas &gt; 55 litros.<\/p>\n<p>TravelSafe ofrece una amplia colecci\u00f3n de fundas protectoras como fundas de transporte, fundas combinadas, fundas para la lluvia y ponchos. Art\u00edculos esenciales para cada aventura.<\/p>\n<p>Dimensiones: 39 x 37 x 65 cm<br \/>\nContenido:\u00a0\u00a0\u00a0\u00a0\u00a0\u00a0\u00a0\u00a0\u00a0&lt; 55 litros<br \/>\nPeso: 195g<br \/>\nMaterial: poli\u00e9ster antidesgarro 210D<br \/>\nColor: Negro<\/p>\n","protected":false},"excerpt":{"rendered":"<p>La funda TravelSafe combipack\u00a0es\u00a0una combinaci\u00f3n de una funda para la lluvia y una funda de transporte en una. Esto le permite cerrar&hellip;<\/p>\n","protected":false},"featured_media":43821,"template":"","meta":{"_acf_changed":false},"product_brand":[],"product_cat":[2686,2953,2970],"product_tag":[],"class_list":{"0":"post-45444","1":"product","2":"type-product","3":"status-publish","4":"has-post-thumbnail","6":"product_cat-4-esenciales-de-viaje","7":"product_cat-bolsas-de-viaje","8":"product_cat-transporte-cubiertas-de-lluvia","10":"first","11":"instock","12":"purchasable","13":"product-type-simple"},"acf":[],"_links":{"self":[{"href":"https:\/\/travelsafe.nl\/es\/wp-json\/wp\/v2\/product\/45444","targetHints":{"allow":["GET"]}}],"collection":[{"href":"https:\/\/travelsafe.nl\/es\/wp-json\/wp\/v2\/product"}],"about":[{"href":"https:\/\/travelsafe.nl\/es\/wp-json\/wp\/v2\/types\/product"}],"wp:featuredmedia":[{"embeddable":true,"href":"https:\/\/travelsafe.nl\/es\/wp-json\/wp\/v2\/media\/43821"}],"wp:attachment":[{"href":"https:\/\/travelsafe.nl\/es\/wp-json\/wp\/v2\/media?parent=45444"}],"wp:term":[{"taxonomy":"product_brand","embeddable":true,"href":"https:\/\/travelsafe.nl\/es\/wp-json\/wp\/v2\/product_brand?post=45444"},{"taxonomy":"product_cat","embeddable":true,"href":"https:\/\/travelsafe.nl\/es\/wp-json\/wp\/v2\/product_cat?post=45444"},{"taxonomy":"product_tag","embeddable":true,"href":"https:\/\/travelsafe.nl\/es\/wp-json\/wp\/v2\/product_tag?post=45444"}],"curies":[{"name":"wp","href":"https:\/\/api.w.org\/{rel}","templated":true}]}}