{"id":45455,"date":"2019-06-10T22:59:50","date_gmt":"2019-06-10T22:59:50","guid":{"rendered":"https:\/\/travelsafe.nl\/assortiment\/uncategorized\/trail-kit-ehbo-kit\/"},"modified":"2023-07-13T09:51:06","modified_gmt":"2023-07-13T09:51:06","slug":"trail-kit-ehbo-kit","status":"publish","type":"product","link":"https:\/\/travelsafe.nl\/es\/assortiment\/1-kit-de-primeros-auxilios\/kit-basico\/trail-kit-ehbo-kit\/","title":{"rendered":"Trail Kit &#8211; Botiqu\u00edn de primeros auxilios"},"content":{"rendered":"<p>El kit Trail es un kit peque\u00f1o y compacto y es f\u00e1cil de acoplar a una mochila o cintur\u00f3n. Esta bolsa muy peque\u00f1a contiene solo los suministros b\u00e1sicos de primeros auxilios. Muy conveniente para excursionistas y\/o mochileros.<\/p>\n<p>Si, por las circunstancias, no tiene acceso inmediato a la asistencia m\u00e9dica adecuada, esto puede conducir a situaciones peligrosas. Por lo tanto, debe asegurarse de tener cosas buenas con usted. Se ha desarrollado un botiqu\u00edn de primeros auxilios compacto y f\u00e1cil de usar para cada destino de viaje o actividad, completo con una declaraci\u00f3n del m\u00e9dico cuando sea necesario. Si viaja a un pa\u00eds sin riesgo de Hepatitis B\/VIH, principalmente pa\u00edses de Europa, entonces un botiqu\u00edn de primeros auxilios (azul-rojo) ser\u00e1 suficiente. Se recomienda encarecidamente un kit est\u00e9ril (naranja-amarillo fl\u00faor) si visita pa\u00edses con riesgo de Hepatitis B\/VIH. Los ejemplos incluyen \u00c1frica, Am\u00e9rica del Sur y Asia, en resumen, los (sub) tr\u00f3picos.<\/p>\n<p>Dimensiones: 9,5 x 13 x 6 cm<br \/>\nPeso: 154g<br \/>\nMaterial:\u00a0poli\u00e9ster<br \/>\nArt\u00edculos: 24<\/p>\n","protected":false},"excerpt":{"rendered":"<p>El kit Trail es un kit peque\u00f1o y compacto y es f\u00e1cil de acoplar a una mochila o cintur\u00f3n. Esta bolsa muy&hellip;<\/p>\n","protected":false},"featured_media":43796,"template":"","meta":{"_acf_changed":false},"product_brand":[],"product_cat":[2912,2913],"product_tag":[],"class_list":{"0":"post-45455","1":"product","2":"type-product","3":"status-publish","4":"has-post-thumbnail","6":"product_cat-1-kit-de-primeros-auxilios","7":"product_cat-kit-basico","9":"first","10":"instock","11":"purchasable","12":"product-type-simple"},"acf":[],"_links":{"self":[{"href":"https:\/\/travelsafe.nl\/es\/wp-json\/wp\/v2\/product\/45455","targetHints":{"allow":["GET"]}}],"collection":[{"href":"https:\/\/travelsafe.nl\/es\/wp-json\/wp\/v2\/product"}],"about":[{"href":"https:\/\/travelsafe.nl\/es\/wp-json\/wp\/v2\/types\/product"}],"wp:featuredmedia":[{"embeddable":true,"href":"https:\/\/travelsafe.nl\/es\/wp-json\/wp\/v2\/media\/43796"}],"wp:attachment":[{"href":"https:\/\/travelsafe.nl\/es\/wp-json\/wp\/v2\/media?parent=45455"}],"wp:term":[{"taxonomy":"product_brand","embeddable":true,"href":"https:\/\/travelsafe.nl\/es\/wp-json\/wp\/v2\/product_brand?post=45455"},{"taxonomy":"product_cat","embeddable":true,"href":"https:\/\/travelsafe.nl\/es\/wp-json\/wp\/v2\/product_cat?post=45455"},{"taxonomy":"product_tag","embeddable":true,"href":"https:\/\/travelsafe.nl\/es\/wp-json\/wp\/v2\/product_tag?post=45455"}],"curies":[{"name":"wp","href":"https:\/\/api.w.org\/{rel}","templated":true}]}}