{"id":45460,"date":"2019-06-10T22:59:43","date_gmt":"2019-06-10T22:59:43","guid":{"rendered":"https:\/\/travelsafe.nl\/assortiment\/uncategorized\/bike-kit-ehbo-kit\/"},"modified":"2023-07-13T09:56:22","modified_gmt":"2023-07-13T09:56:22","slug":"bike-kit-ehbo-kit","status":"publish","type":"product","link":"https:\/\/travelsafe.nl\/es\/assortiment\/1-kit-de-primeros-auxilios\/kit-basico\/bike-kit-ehbo-kit\/","title":{"rendered":"Bike Kit &#8211; Botiqu\u00edn de primeros auxilios"},"content":{"rendered":"<p>El kit de bicicleta es un juego pr\u00e1ctico para el ciclista frecuente y deportivo y el ciclista de monta\u00f1a. Gracias al pr\u00e1ctico dise\u00f1o, la bolsa se puede fijar a la barra de la bicicleta. Adem\u00e1s del material b\u00e1sico de primeros auxilios, el set incluye un cepillo para fregar para &#8220;cepillar&#8221; la suciedad de una abrasi\u00f3n, un lavaojos y tiritas adhesivas.<\/p>\n<p>Si, por las circunstancias, no tiene acceso inmediato a la asistencia m\u00e9dica adecuada, esto puede conducir a situaciones peligrosas. Por lo tanto, debe asegurarse de tener cosas buenas con usted. Se ha desarrollado un botiqu\u00edn de primeros auxilios compacto y f\u00e1cil de usar para cada destino de viaje o actividad, completo con una declaraci\u00f3n del m\u00e9dico cuando sea necesario. Si viaja a un pa\u00eds sin riesgo de hepatitis B\/VIH, principalmente pa\u00edses de Europa, entonces un botiqu\u00edn de primeros auxilios (azul-rojo) ser\u00e1 suficiente. Se recomienda encarecidamente un kit est\u00e9ril (naranja-amarillo fl\u00faor) si visita pa\u00edses con riesgo de Hepatitis B\/VIH. Los ejemplos incluyen \u00c1frica, Am\u00e9rica del Sur y Asia, en resumen, los (sub) tr\u00f3picos.<\/p>\n<p>Dimensiones: 15 x 22 x 7 cm<br \/>\nPeso:\u00a0 \u00a0 \u00a0 \u00a0 413 g<br \/>\nMaterial: \u00a0 \u00a0 \u00a0Poli\u00e9ster<br \/>\nArt\u00edculos:\u00a0 \u00a0 \u00a0 48<\/p>\n","protected":false},"excerpt":{"rendered":"<p>El kit de bicicleta es un juego pr\u00e1ctico para el ciclista frecuente y deportivo y el ciclista de monta\u00f1a. Gracias al pr\u00e1ctico&hellip;<\/p>\n","protected":false},"featured_media":43791,"template":"","meta":{"_acf_changed":false},"product_brand":[],"product_cat":[2912,2913],"product_tag":[],"class_list":{"0":"post-45460","1":"product","2":"type-product","3":"status-publish","4":"has-post-thumbnail","6":"product_cat-1-kit-de-primeros-auxilios","7":"product_cat-kit-basico","9":"first","10":"onbackorder","11":"purchasable","12":"product-type-simple"},"acf":[],"_links":{"self":[{"href":"https:\/\/travelsafe.nl\/es\/wp-json\/wp\/v2\/product\/45460","targetHints":{"allow":["GET"]}}],"collection":[{"href":"https:\/\/travelsafe.nl\/es\/wp-json\/wp\/v2\/product"}],"about":[{"href":"https:\/\/travelsafe.nl\/es\/wp-json\/wp\/v2\/types\/product"}],"wp:featuredmedia":[{"embeddable":true,"href":"https:\/\/travelsafe.nl\/es\/wp-json\/wp\/v2\/media\/43791"}],"wp:attachment":[{"href":"https:\/\/travelsafe.nl\/es\/wp-json\/wp\/v2\/media?parent=45460"}],"wp:term":[{"taxonomy":"product_brand","embeddable":true,"href":"https:\/\/travelsafe.nl\/es\/wp-json\/wp\/v2\/product_brand?post=45460"},{"taxonomy":"product_cat","embeddable":true,"href":"https:\/\/travelsafe.nl\/es\/wp-json\/wp\/v2\/product_cat?post=45460"},{"taxonomy":"product_tag","embeddable":true,"href":"https:\/\/travelsafe.nl\/es\/wp-json\/wp\/v2\/product_tag?post=45460"}],"curies":[{"name":"wp","href":"https:\/\/api.w.org\/{rel}","templated":true}]}}