{"id":45467,"date":"2019-06-10T22:59:04","date_gmt":"2019-06-10T22:59:04","guid":{"rendered":"https:\/\/travelsafe.nl\/assortiment\/uncategorized\/globe-sterile-plus\/"},"modified":"2023-07-13T10:08:26","modified_gmt":"2023-07-13T10:08:26","slug":"globe-sterile-plus","status":"publish","type":"product","link":"https:\/\/travelsafe.nl\/es\/assortiment\/1-kit-de-primeros-auxilios\/kit-esteril\/globe-sterile-plus\/","title":{"rendered":"Globe Sterile Plus &#8211; Botiqu\u00edn de primeros auxilios"},"content":{"rendered":"<p>Este conjunto compacto de dispositivos m\u00e9dicos est\u00e9riles es m\u00e1s extenso que el kit est\u00e9ril est\u00e1ndar (TS0518). El term\u00f3metro digital del set es imprescindible para enfermedades como la malaria o el dengue. El juego tambi\u00e9n incluye dos agujas IV.<\/p>\n<p>Si, por las circunstancias, no tiene acceso inmediato a la asistencia m\u00e9dica adecuada, esto puede conducir a situaciones peligrosas. Por lo tanto, debe asegurarse de tener cosas buenas con usted. Se ha desarrollado un botiqu\u00edn de primeros auxilios compacto y f\u00e1cil de usar para cada destino de viaje o actividad, completo con una declaraci\u00f3n del m\u00e9dico cuando sea necesario. Se recomienda encarecidamente un kit est\u00e9ril (amarillo fl\u00faor\/naranja) si visita pa\u00edses con riesgo de hepatitis B\/VIH. Los ejemplos incluyen \u00c1frica, Am\u00e9rica del Sur y Asia, en resumen, los (sub) tr\u00f3picos.<\/p>\n<p>Dimensiones: 12 x 14,5 x 5 cm<br \/>\nPeso: 205g<br \/>\nMaterial: Poli\u00e9ster<br \/>\nArt\u00edculos: 31<\/p>\n<p>&nbsp;<\/p>\n","protected":false},"excerpt":{"rendered":"<p>Este conjunto compacto de dispositivos m\u00e9dicos est\u00e9riles es m\u00e1s extenso que el kit est\u00e9ril est\u00e1ndar (TS0518). El term\u00f3metro digital del set es&hellip;<\/p>\n","protected":false},"featured_media":43755,"template":"","meta":{"_acf_changed":false},"product_brand":[],"product_cat":[2912,2914],"product_tag":[],"class_list":{"0":"post-45467","1":"product","2":"type-product","3":"status-publish","4":"has-post-thumbnail","6":"product_cat-1-kit-de-primeros-auxilios","7":"product_cat-kit-esteril","9":"first","10":"instock","11":"purchasable","12":"product-type-simple"},"acf":[],"_links":{"self":[{"href":"https:\/\/travelsafe.nl\/es\/wp-json\/wp\/v2\/product\/45467","targetHints":{"allow":["GET"]}}],"collection":[{"href":"https:\/\/travelsafe.nl\/es\/wp-json\/wp\/v2\/product"}],"about":[{"href":"https:\/\/travelsafe.nl\/es\/wp-json\/wp\/v2\/types\/product"}],"wp:featuredmedia":[{"embeddable":true,"href":"https:\/\/travelsafe.nl\/es\/wp-json\/wp\/v2\/media\/43755"}],"wp:attachment":[{"href":"https:\/\/travelsafe.nl\/es\/wp-json\/wp\/v2\/media?parent=45467"}],"wp:term":[{"taxonomy":"product_brand","embeddable":true,"href":"https:\/\/travelsafe.nl\/es\/wp-json\/wp\/v2\/product_brand?post=45467"},{"taxonomy":"product_cat","embeddable":true,"href":"https:\/\/travelsafe.nl\/es\/wp-json\/wp\/v2\/product_cat?post=45467"},{"taxonomy":"product_tag","embeddable":true,"href":"https:\/\/travelsafe.nl\/es\/wp-json\/wp\/v2\/product_tag?post=45467"}],"curies":[{"name":"wp","href":"https:\/\/api.w.org\/{rel}","templated":true}]}}