{"id":45469,"date":"2019-06-10T22:58:30","date_gmt":"2019-06-10T22:58:30","guid":{"rendered":"https:\/\/travelsafe.nl\/assortiment\/uncategorized\/squeeze-bottle-kids-2\/"},"modified":"2023-07-13T14:41:35","modified_gmt":"2023-07-13T14:41:35","slug":"squeeze-bottle-kids-2","status":"publish","type":"product","link":"https:\/\/travelsafe.nl\/es\/assortiment\/4-esenciales-de-viaje\/accesorios-de-viaje\/otro-es\/squeeze-bottle-kids-2\/","title":{"rendered":"Biberones de Silicona &#8211; Oso"},"content":{"rendered":"<p>Botella exprimible peque\u00f1a para gel de ducha o champ\u00fa. Apto para llevar en el avi\u00f3n como equipaje de mano. El tap\u00f3n de rosca facilita el llenado de la botella.<\/p>\n<p>Tambi\u00e9n disponible como ping\u00fcino travieso.<\/p>\n<p>Contenido: \u00a0\u00a0\u00a0\u00a080ml<br \/>\nPeso: 49g<br \/>\nMaterial: silicona &#8211; pl\u00e1stico<br \/>\nColor: Gris<\/p>\n","protected":false},"excerpt":{"rendered":"<p>Botella exprimible peque\u00f1a para gel de ducha o champ\u00fa. Apto para llevar en el avi\u00f3n como equipaje de mano. El tap\u00f3n de&hellip;<\/p>\n","protected":false},"featured_media":44743,"template":"","meta":{"_acf_changed":false},"product_brand":[],"product_cat":[2686,2948,2951],"product_tag":[],"class_list":{"0":"post-45469","1":"product","2":"type-product","3":"status-publish","4":"has-post-thumbnail","6":"product_cat-4-esenciales-de-viaje","7":"product_cat-accesorios-de-viaje","8":"product_cat-otro-es","10":"first","11":"instock","12":"purchasable","13":"product-type-simple"},"acf":[],"_links":{"self":[{"href":"https:\/\/travelsafe.nl\/es\/wp-json\/wp\/v2\/product\/45469","targetHints":{"allow":["GET"]}}],"collection":[{"href":"https:\/\/travelsafe.nl\/es\/wp-json\/wp\/v2\/product"}],"about":[{"href":"https:\/\/travelsafe.nl\/es\/wp-json\/wp\/v2\/types\/product"}],"wp:featuredmedia":[{"embeddable":true,"href":"https:\/\/travelsafe.nl\/es\/wp-json\/wp\/v2\/media\/44743"}],"wp:attachment":[{"href":"https:\/\/travelsafe.nl\/es\/wp-json\/wp\/v2\/media?parent=45469"}],"wp:term":[{"taxonomy":"product_brand","embeddable":true,"href":"https:\/\/travelsafe.nl\/es\/wp-json\/wp\/v2\/product_brand?post=45469"},{"taxonomy":"product_cat","embeddable":true,"href":"https:\/\/travelsafe.nl\/es\/wp-json\/wp\/v2\/product_cat?post=45469"},{"taxonomy":"product_tag","embeddable":true,"href":"https:\/\/travelsafe.nl\/es\/wp-json\/wp\/v2\/product_tag?post=45469"}],"curies":[{"name":"wp","href":"https:\/\/api.w.org\/{rel}","templated":true}]}}