{"id":45471,"date":"2019-06-10T22:58:15","date_gmt":"2019-06-10T22:58:15","guid":{"rendered":"https:\/\/travelsafe.nl\/assortiment\/uncategorized\/leak-proof-stuff-bags-large\/"},"modified":"2023-07-13T14:48:50","modified_gmt":"2023-07-13T14:48:50","slug":"leak-proof-stuff-bags-large","status":"publish","type":"product","link":"https:\/\/travelsafe.nl\/es\/assortiment\/4-esenciales-de-viaje\/accesorios-de-viaje\/otro-es\/leak-proof-stuff-bags-large\/","title":{"rendered":"Bolsas de almacenamiento a prueba de fugas &#8211; juego de 3"},"content":{"rendered":"<p>3 piezas de bolsas de almacenamiento herm\u00e9ticas con cierre de tira especial. El conjunto consta de 3 tama\u00f1os diferentes y es perfecto para usar como bolsa de almacenamiento para sus l\u00edquidos en su equipaje de mano. El material y el cierre son a prueba de fugas y aseguran que ning\u00fan l\u00edquido pueda escapar a su equipaje. Estas bolsas reutilizables sustituyen a las bolsas de pl\u00e1stico desechables.<\/p>\n<p>Contenido: 21 x 6,5 x 18,5 cm \/ 19,5 x 6 x 12 cm \/ 11,5 x 6 x 8 cm<br \/>\nPeso: 64 g (3 uds.)<br \/>\nMaterial:\u00a0EVA, libre de BPA<br \/>\nColor: \u00a0 \u00a0 \u00a0Transparente<\/p>\n","protected":false},"excerpt":{"rendered":"<p>3 piezas de bolsas de almacenamiento herm\u00e9ticas con cierre de tira especial. El conjunto consta de 3 tama\u00f1os diferentes y es perfecto&hellip;<\/p>\n","protected":false},"featured_media":43691,"template":"","meta":{"_acf_changed":false},"product_brand":[],"product_cat":[2686,2948,2951],"product_tag":[],"class_list":{"0":"post-45471","1":"product","2":"type-product","3":"status-publish","4":"has-post-thumbnail","6":"product_cat-4-esenciales-de-viaje","7":"product_cat-accesorios-de-viaje","8":"product_cat-otro-es","10":"first","11":"onbackorder","12":"purchasable","13":"product-type-simple"},"acf":[],"_links":{"self":[{"href":"https:\/\/travelsafe.nl\/es\/wp-json\/wp\/v2\/product\/45471","targetHints":{"allow":["GET"]}}],"collection":[{"href":"https:\/\/travelsafe.nl\/es\/wp-json\/wp\/v2\/product"}],"about":[{"href":"https:\/\/travelsafe.nl\/es\/wp-json\/wp\/v2\/types\/product"}],"wp:featuredmedia":[{"embeddable":true,"href":"https:\/\/travelsafe.nl\/es\/wp-json\/wp\/v2\/media\/43691"}],"wp:attachment":[{"href":"https:\/\/travelsafe.nl\/es\/wp-json\/wp\/v2\/media?parent=45471"}],"wp:term":[{"taxonomy":"product_brand","embeddable":true,"href":"https:\/\/travelsafe.nl\/es\/wp-json\/wp\/v2\/product_brand?post=45471"},{"taxonomy":"product_cat","embeddable":true,"href":"https:\/\/travelsafe.nl\/es\/wp-json\/wp\/v2\/product_cat?post=45471"},{"taxonomy":"product_tag","embeddable":true,"href":"https:\/\/travelsafe.nl\/es\/wp-json\/wp\/v2\/product_tag?post=45471"}],"curies":[{"name":"wp","href":"https:\/\/api.w.org\/{rel}","templated":true}]}}