{"id":45481,"date":"2019-06-10T22:57:57","date_gmt":"2019-06-10T22:57:57","guid":{"rendered":"https:\/\/travelsafe.nl\/assortiment\/uncategorized\/airport-sasfe-halstasje-poly-katoen\/"},"modified":"2023-07-14T12:13:08","modified_gmt":"2023-07-14T12:13:08","slug":"airport-sasfe-halstasje-poly-katoen","status":"publish","type":"product","link":"https:\/\/travelsafe.nl\/es\/assortiment\/4-esenciales-de-viaje\/bolsas-de-viaje\/cinturon-dinero\/poliester-algodon\/airport-sasfe-halstasje-poly-katoen\/","title":{"rendered":"Caja fuerte para aeropuerto &#8211; bolsa para el cuello &#8211; poli\u00e9ster\/algod\u00f3n"},"content":{"rendered":"<p>Bolsa de cuello espaciosa con 1 bolsillo abierto grande y 2 bolsillos con cremallera con una bolsa impermeable para el almacenamiento seguro de todos sus documentos de viaje. Tambi\u00e9n se puede unir a un cintur\u00f3n. Hecho de poli\u00e9ster\/algod\u00f3n suave, todas las costuras y pespuntes tienen un acabado suave. Dorso de material no tejido transpirable para una comodidad de uso c\u00f3moda y una regulaci\u00f3n \u00f3ptima de la humedad.<\/p>\n<p>Dimensiones: 13,5 x 22 cm<br \/>\nPeso: 45g<br \/>\nMaterial: Algod\u00f3n<br \/>\nColor: Beige<\/p>\n","protected":false},"excerpt":{"rendered":"<p>Bolsa de cuello espaciosa con 1 bolsillo abierto grande y 2 bolsillos con cremallera con una bolsa impermeable para el almacenamiento seguro&hellip;<\/p>\n","protected":false},"featured_media":43665,"template":"","meta":{"_acf_changed":false},"product_brand":[],"product_cat":[2686,2955,2956],"product_tag":[],"class_list":{"0":"post-45481","1":"product","2":"type-product","3":"status-publish","4":"has-post-thumbnail","6":"product_cat-4-esenciales-de-viaje","7":"product_cat-cinturon-dinero","8":"product_cat-poliester-algodon","10":"first","11":"outofstock","12":"purchasable","13":"product-type-simple"},"acf":[],"_links":{"self":[{"href":"https:\/\/travelsafe.nl\/es\/wp-json\/wp\/v2\/product\/45481","targetHints":{"allow":["GET"]}}],"collection":[{"href":"https:\/\/travelsafe.nl\/es\/wp-json\/wp\/v2\/product"}],"about":[{"href":"https:\/\/travelsafe.nl\/es\/wp-json\/wp\/v2\/types\/product"}],"wp:featuredmedia":[{"embeddable":true,"href":"https:\/\/travelsafe.nl\/es\/wp-json\/wp\/v2\/media\/43665"}],"wp:attachment":[{"href":"https:\/\/travelsafe.nl\/es\/wp-json\/wp\/v2\/media?parent=45481"}],"wp:term":[{"taxonomy":"product_brand","embeddable":true,"href":"https:\/\/travelsafe.nl\/es\/wp-json\/wp\/v2\/product_brand?post=45481"},{"taxonomy":"product_cat","embeddable":true,"href":"https:\/\/travelsafe.nl\/es\/wp-json\/wp\/v2\/product_cat?post=45481"},{"taxonomy":"product_tag","embeddable":true,"href":"https:\/\/travelsafe.nl\/es\/wp-json\/wp\/v2\/product_tag?post=45481"}],"curies":[{"name":"wp","href":"https:\/\/api.w.org\/{rel}","templated":true}]}}