{"id":45483,"date":"2019-06-10T22:57:57","date_gmt":"2019-06-10T22:57:57","guid":{"rendered":"https:\/\/travelsafe.nl\/assortiment\/uncategorized\/oprolbaar-nekkussen\/"},"modified":"2023-07-14T12:16:23","modified_gmt":"2023-07-14T12:16:23","slug":"oprolbaar-nekkussen","status":"publish","type":"product","link":"https:\/\/travelsafe.nl\/es\/assortiment\/4-esenciales-de-viaje\/accesorios-de-viaje\/almohada-de-cuello\/oprolbaar-nekkussen\/","title":{"rendered":"Almohada enrollable para el cuello con espuma viscoel\u00e1stica"},"content":{"rendered":"<p>Esta almohada para el cuello est\u00e1 equipada con espuma viscoel\u00e1stica que se adapta perfectamente a su cuello y, por lo tanto, ofrece un soporte \u00f3ptimo. El collar se puede enrollar y guardar f\u00e1cilmente en la bolsa de almacenamiento incluida para guardarlo f\u00e1cilmente en su equipaje. La funda es extra\u00edble y lavable con cremallera.<\/p>\n<p>Dimensiones: 24 x 24 x 12 cm &#8211; \u00f8 12 x 12 cm<br \/>\nPeso: 269g<br \/>\nMaterial: 100% poli\u00e9ster transpirable de tacto suave con espuma viscoel\u00e1stica<br \/>\nColor:\u00a0 \u00a0 \u00a0 \u00a0 \u00a0 \u00a0 Negro-Verde<\/p>\n","protected":false},"excerpt":{"rendered":"<p>Esta almohada para el cuello est\u00e1 equipada con espuma viscoel\u00e1stica que se adapta perfectamente a su cuello y, por lo tanto, ofrece&hellip;<\/p>\n","protected":false},"featured_media":43673,"template":"","meta":{"_acf_changed":false},"product_brand":[],"product_cat":[2686,2948,2950],"product_tag":[],"class_list":{"0":"post-45483","1":"product","2":"type-product","3":"status-publish","4":"has-post-thumbnail","6":"product_cat-4-esenciales-de-viaje","7":"product_cat-accesorios-de-viaje","8":"product_cat-almohada-de-cuello","10":"first","11":"outofstock","12":"purchasable","13":"product-type-simple"},"acf":[],"_links":{"self":[{"href":"https:\/\/travelsafe.nl\/es\/wp-json\/wp\/v2\/product\/45483","targetHints":{"allow":["GET"]}}],"collection":[{"href":"https:\/\/travelsafe.nl\/es\/wp-json\/wp\/v2\/product"}],"about":[{"href":"https:\/\/travelsafe.nl\/es\/wp-json\/wp\/v2\/types\/product"}],"wp:featuredmedia":[{"embeddable":true,"href":"https:\/\/travelsafe.nl\/es\/wp-json\/wp\/v2\/media\/43673"}],"wp:attachment":[{"href":"https:\/\/travelsafe.nl\/es\/wp-json\/wp\/v2\/media?parent=45483"}],"wp:term":[{"taxonomy":"product_brand","embeddable":true,"href":"https:\/\/travelsafe.nl\/es\/wp-json\/wp\/v2\/product_brand?post=45483"},{"taxonomy":"product_cat","embeddable":true,"href":"https:\/\/travelsafe.nl\/es\/wp-json\/wp\/v2\/product_cat?post=45483"},{"taxonomy":"product_tag","embeddable":true,"href":"https:\/\/travelsafe.nl\/es\/wp-json\/wp\/v2\/product_tag?post=45483"}],"curies":[{"name":"wp","href":"https:\/\/api.w.org\/{rel}","templated":true}]}}