{"id":45485,"date":"2019-06-10T22:57:44","date_gmt":"2019-06-10T22:57:44","guid":{"rendered":"https:\/\/travelsafe.nl\/assortiment\/uncategorized\/moneybelt-holsterwallet-poly-katoen-beige\/"},"modified":"2023-07-14T12:19:25","modified_gmt":"2023-07-14T12:19:25","slug":"moneybelt-holsterwallet-poly-katoen-beige","status":"publish","type":"product","link":"https:\/\/travelsafe.nl\/es\/assortiment\/4-esenciales-de-viaje\/bolsas-de-viaje\/cinturon-dinero\/poliester-algodon\/moneybelt-holsterwallet-poly-katoen-beige\/","title":{"rendered":"Cartera Holster &#8211; Beige"},"content":{"rendered":"<p>La Holsterwallet es una bolsa especial para las axilas hecha de poli\u00e9ster\/algod\u00f3n. Es el lugar invisible para guardar sus documentos valiosos. Tiene 2 amplios bolsillos con cremallera y una c\u00f3moda correa ajustable para el hombro y faj\u00edn. Todas las costuras y pespuntes tienen un acabado suave y agradable a la piel. La parte posterior est\u00e1 hecha de un material no tejido para una regulaci\u00f3n \u00f3ptima de la humedad.<\/p>\n<p>Dimensiones: 15 x 18 cm<br \/>\nPeso: 46g<br \/>\nMaterial: Algod\u00f3n<br \/>\nColor: Beige<\/p>\n","protected":false},"excerpt":{"rendered":"<p>La Holsterwallet es una bolsa especial para las axilas hecha de poli\u00e9ster\/algod\u00f3n. Es el lugar invisible para guardar sus documentos valiosos. Tiene&hellip;<\/p>\n","protected":false},"featured_media":43650,"template":"","meta":{"_acf_changed":false},"product_brand":[],"product_cat":[2686,2955,2956],"product_tag":[],"class_list":{"0":"post-45485","1":"product","2":"type-product","3":"status-publish","4":"has-post-thumbnail","6":"product_cat-4-esenciales-de-viaje","7":"product_cat-cinturon-dinero","8":"product_cat-poliester-algodon","10":"first","11":"instock","12":"purchasable","13":"product-type-simple"},"acf":[],"_links":{"self":[{"href":"https:\/\/travelsafe.nl\/es\/wp-json\/wp\/v2\/product\/45485","targetHints":{"allow":["GET"]}}],"collection":[{"href":"https:\/\/travelsafe.nl\/es\/wp-json\/wp\/v2\/product"}],"about":[{"href":"https:\/\/travelsafe.nl\/es\/wp-json\/wp\/v2\/types\/product"}],"wp:featuredmedia":[{"embeddable":true,"href":"https:\/\/travelsafe.nl\/es\/wp-json\/wp\/v2\/media\/43650"}],"wp:attachment":[{"href":"https:\/\/travelsafe.nl\/es\/wp-json\/wp\/v2\/media?parent=45485"}],"wp:term":[{"taxonomy":"product_brand","embeddable":true,"href":"https:\/\/travelsafe.nl\/es\/wp-json\/wp\/v2\/product_brand?post=45485"},{"taxonomy":"product_cat","embeddable":true,"href":"https:\/\/travelsafe.nl\/es\/wp-json\/wp\/v2\/product_cat?post=45485"},{"taxonomy":"product_tag","embeddable":true,"href":"https:\/\/travelsafe.nl\/es\/wp-json\/wp\/v2\/product_tag?post=45485"}],"curies":[{"name":"wp","href":"https:\/\/api.w.org\/{rel}","templated":true}]}}