{"id":45500,"date":"2019-06-10T22:57:23","date_gmt":"2019-06-10T22:57:23","guid":{"rendered":"https:\/\/travelsafe.nl\/assortiment\/uncategorized\/beauty-bag-m-appel-groen\/"},"modified":"2023-07-25T11:50:01","modified_gmt":"2023-07-25T11:50:01","slug":"beauty-bag-m-appel-groen","status":"publish","type":"product","link":"https:\/\/travelsafe.nl\/es\/assortiment\/4-esenciales-de-viaje\/accesorios-de-viaje\/otro-es\/beauty-bag-m-appel-groen\/","title":{"rendered":"Segura de belleza bolsa de viaje &#8211; M- verde manzana"},"content":{"rendered":"<p>Neceser en talla M. Ideal para guardar maquillaje y peque\u00f1os art\u00edculos de aseo. Compartimento principal con cremallera y bolsillo frontal adicional. Confeccionado en poli\u00e9ster con un original estampado de globos terr\u00e1queos.<\/p>\n<p>Tambi\u00e9n disponible en tallas S y L.<\/p>\n<p>Dimensiones: 21 x 12 x 7 cm<br \/>\nPeso:\u00a0\u00a0\u00a0\u00a0\u00a0\u00a0\u00a038g<br \/>\nMaterial: poli\u00e9ster antidesgarro 210D<br \/>\nColor:\u00a0 \u00a0 \u00a0 \u00a0\u00a0\u00a0\u00a0\u00a0 Verde manzana<\/p>\n<p>&nbsp;<\/p>\n","protected":false},"excerpt":{"rendered":"<p>Neceser en talla M. Ideal para guardar maquillaje y peque\u00f1os art\u00edculos de aseo. Compartimento principal con cremallera y bolsillo frontal adicional. Confeccionado&hellip;<\/p>\n","protected":false},"featured_media":43621,"template":"","meta":{"_acf_changed":false},"product_brand":[],"product_cat":[2686,2948,2951],"product_tag":[],"class_list":{"0":"post-45500","1":"product","2":"type-product","3":"status-publish","4":"has-post-thumbnail","6":"product_cat-4-esenciales-de-viaje","7":"product_cat-accesorios-de-viaje","8":"product_cat-otro-es","10":"first","11":"instock","12":"purchasable","13":"product-type-simple"},"acf":[],"_links":{"self":[{"href":"https:\/\/travelsafe.nl\/es\/wp-json\/wp\/v2\/product\/45500","targetHints":{"allow":["GET"]}}],"collection":[{"href":"https:\/\/travelsafe.nl\/es\/wp-json\/wp\/v2\/product"}],"about":[{"href":"https:\/\/travelsafe.nl\/es\/wp-json\/wp\/v2\/types\/product"}],"wp:featuredmedia":[{"embeddable":true,"href":"https:\/\/travelsafe.nl\/es\/wp-json\/wp\/v2\/media\/43621"}],"wp:attachment":[{"href":"https:\/\/travelsafe.nl\/es\/wp-json\/wp\/v2\/media?parent=45500"}],"wp:term":[{"taxonomy":"product_brand","embeddable":true,"href":"https:\/\/travelsafe.nl\/es\/wp-json\/wp\/v2\/product_brand?post=45500"},{"taxonomy":"product_cat","embeddable":true,"href":"https:\/\/travelsafe.nl\/es\/wp-json\/wp\/v2\/product_cat?post=45500"},{"taxonomy":"product_tag","embeddable":true,"href":"https:\/\/travelsafe.nl\/es\/wp-json\/wp\/v2\/product_tag?post=45500"}],"curies":[{"name":"wp","href":"https:\/\/api.w.org\/{rel}","templated":true}]}}