{"id":45504,"date":"2019-06-10T22:57:10","date_gmt":"2019-06-10T22:57:10","guid":{"rendered":"https:\/\/travelsafe.nl\/assortiment\/uncategorized\/wasbak-opvouwbaar-blauw\/"},"modified":"2023-07-25T11:58:21","modified_gmt":"2023-07-25T11:58:21","slug":"wasbak-opvouwbaar-blauw","status":"publish","type":"product","link":"https:\/\/travelsafe.nl\/es\/assortiment\/4-esenciales-de-viaje\/bolsas-de-viaje\/sacos-impermeables\/wasbak-opvouwbaar-blauw\/","title":{"rendered":"Fregadero plegable"},"content":{"rendered":"<p>Este fregadero multifuncional, ligero y plegable se puede utilizar para un sinf\u00edn de prop\u00f3sitos. Debido a su tama\u00f1o muy compacto, es f\u00e1cil de llevar en el equipaje durante las actividades al aire libre o en el camping.<\/p>\n<p>Dimensiones: \u00f8 37 x 12 cm<br \/>\nPeso: 46g<br \/>\nMaterial: Cordura<br \/>\nColor: \u00a0 \u00a0 \u00a0 \u00a0 \u00a0 \u00a0Azul &#8211; Negro<\/p>\n","protected":false},"excerpt":{"rendered":"<p>Este fregadero multifuncional, ligero y plegable se puede utilizar para un sinf\u00edn de prop\u00f3sitos. Debido a su tama\u00f1o muy compacto, es f\u00e1cil&hellip;<\/p>\n","protected":false},"featured_media":43601,"template":"","meta":{"_acf_changed":false},"product_brand":[],"product_cat":[2686,2953,2972],"product_tag":[],"class_list":{"0":"post-45504","1":"product","2":"type-product","3":"status-publish","4":"has-post-thumbnail","6":"product_cat-4-esenciales-de-viaje","7":"product_cat-bolsas-de-viaje","8":"product_cat-sacos-impermeables","10":"first","11":"instock","12":"purchasable","13":"product-type-simple"},"acf":[],"_links":{"self":[{"href":"https:\/\/travelsafe.nl\/es\/wp-json\/wp\/v2\/product\/45504","targetHints":{"allow":["GET"]}}],"collection":[{"href":"https:\/\/travelsafe.nl\/es\/wp-json\/wp\/v2\/product"}],"about":[{"href":"https:\/\/travelsafe.nl\/es\/wp-json\/wp\/v2\/types\/product"}],"wp:featuredmedia":[{"embeddable":true,"href":"https:\/\/travelsafe.nl\/es\/wp-json\/wp\/v2\/media\/43601"}],"wp:attachment":[{"href":"https:\/\/travelsafe.nl\/es\/wp-json\/wp\/v2\/media?parent=45504"}],"wp:term":[{"taxonomy":"product_brand","embeddable":true,"href":"https:\/\/travelsafe.nl\/es\/wp-json\/wp\/v2\/product_brand?post=45504"},{"taxonomy":"product_cat","embeddable":true,"href":"https:\/\/travelsafe.nl\/es\/wp-json\/wp\/v2\/product_cat?post=45504"},{"taxonomy":"product_tag","embeddable":true,"href":"https:\/\/travelsafe.nl\/es\/wp-json\/wp\/v2\/product_tag?post=45504"}],"curies":[{"name":"wp","href":"https:\/\/api.w.org\/{rel}","templated":true}]}}