{"id":45515,"date":"2019-06-10T22:56:53","date_gmt":"2019-06-10T22:56:53","guid":{"rendered":"https:\/\/travelsafe.nl\/assortiment\/uncategorized\/mini-backpack-zwart\/"},"modified":"2023-07-25T12:11:00","modified_gmt":"2023-07-25T12:11:00","slug":"mini-backpack-zwart","status":"publish","type":"product","link":"https:\/\/travelsafe.nl\/es\/assortiment\/4-esenciales-de-viaje\/bolsas-de-viaje\/bolsas-plegables\/mini-backpack-zwart\/","title":{"rendered":"Mini Mochila &#8211; Plegable &#8211; Negro"},"content":{"rendered":"<div class=\"body field field--node-body field--name-body field--type-text-with-summary field--label-hidden field__item\">\n<p>Mochila ligera plegable, ideal para llevar como bolso extra cuando viajas. La mochila es fuerte, liviana, est\u00e1 hecha de poli\u00e9ster y es f\u00e1cil de plegar en un paquete muy peque\u00f1o. La bolsa tiene dos bolsillos laterales para un acceso r\u00e1pido y f\u00e1cil.<\/p>\n<p>Disponible en los colores azul y negro.<\/p>\n<p>Dimensiones: 36 x 42 x 13 cm<br \/>\nPlegado: 12 x 13 x 4 cm<br \/>\nPeso:\u00a0 \u00a0\u00a0\u00a0\u00a0\u00a0\u00a0 140 g<br \/>\nMaterial:\u00a0 \u00a0 \u00a0\u00a0\u00a0\u00a0Poli\u00e9ster<br \/>\nColor: Negro<\/p>\n<\/div>\n<div class=\"field field--node-field-brands field--name-field-brands field--type-entity-reference field--label-above\"><\/div>\n","protected":false},"excerpt":{"rendered":"<p>Mochila ligera plegable, ideal para llevar como bolso extra cuando viajas. La mochila es fuerte, liviana, est\u00e1 hecha de poli\u00e9ster y es&hellip;<\/p>\n","protected":false},"featured_media":43540,"template":"","meta":{"_acf_changed":false},"product_brand":[],"product_cat":[2686,2953,2959],"product_tag":[],"class_list":{"0":"post-45515","1":"product","2":"type-product","3":"status-publish","4":"has-post-thumbnail","6":"product_cat-4-esenciales-de-viaje","7":"product_cat-bolsas-de-viaje","8":"product_cat-bolsas-plegables","10":"first","11":"instock","12":"purchasable","13":"product-type-simple"},"acf":[],"_links":{"self":[{"href":"https:\/\/travelsafe.nl\/es\/wp-json\/wp\/v2\/product\/45515","targetHints":{"allow":["GET"]}}],"collection":[{"href":"https:\/\/travelsafe.nl\/es\/wp-json\/wp\/v2\/product"}],"about":[{"href":"https:\/\/travelsafe.nl\/es\/wp-json\/wp\/v2\/types\/product"}],"wp:featuredmedia":[{"embeddable":true,"href":"https:\/\/travelsafe.nl\/es\/wp-json\/wp\/v2\/media\/43540"}],"wp:attachment":[{"href":"https:\/\/travelsafe.nl\/es\/wp-json\/wp\/v2\/media?parent=45515"}],"wp:term":[{"taxonomy":"product_brand","embeddable":true,"href":"https:\/\/travelsafe.nl\/es\/wp-json\/wp\/v2\/product_brand?post=45515"},{"taxonomy":"product_cat","embeddable":true,"href":"https:\/\/travelsafe.nl\/es\/wp-json\/wp\/v2\/product_cat?post=45515"},{"taxonomy":"product_tag","embeddable":true,"href":"https:\/\/travelsafe.nl\/es\/wp-json\/wp\/v2\/product_tag?post=45515"}],"curies":[{"name":"wp","href":"https:\/\/api.w.org\/{rel}","templated":true}]}}