{"id":45526,"date":"2019-06-10T22:56:24","date_gmt":"2019-06-10T22:56:24","guid":{"rendered":"https:\/\/travelsafe.nl\/assortiment\/uncategorized\/opvouwbare-shopper-bag-zwart\/"},"modified":"2023-07-25T12:22:44","modified_gmt":"2023-07-25T12:22:44","slug":"opvouwbare-shopper-bag-zwart","status":"publish","type":"product","link":"https:\/\/travelsafe.nl\/es\/assortiment\/4-esenciales-de-viaje\/bolsas-de-viaje\/bolsas-plegables\/opvouwbare-shopper-bag-zwart\/","title":{"rendered":"Shopping Bag &#8211; Plegable &#8211; Negro"},"content":{"rendered":"<p>Bolso de hombro plegable y espacioso con bolsillo adicional con cremallera en el interior. La bolsa de compras se puede plegar f\u00e1cilmente en un paquete peque\u00f1o y pr\u00e1ctico. La espaciosa abertura de 52 cm asegura que la bolsa sea f\u00e1cilmente accesible. La cremallera cierra la bolsa por completo en la parte superior para que nadie pueda entrar en la bolsa sin ser invitado. Hecho de poli\u00e9ster resistente y duradero y equipado con pr\u00e1cticas asas de transporte.<\/p>\n<p>Disponible en los colores azul y negro.<\/p>\n<p>Dimensiones: 52 x 32 x 20 cm<br \/>\nPlegado: 20,5 x 16,5 x 3 cm<br \/>\nPeso:\u00a0 \u00a0\u00a0\u00a0\u00a0\u00a0\u00a0 164g<br \/>\nMaterial: poli\u00e9ster 420D<br \/>\ncolor negro<\/p>\n","protected":false},"excerpt":{"rendered":"<p>Bolso de hombro plegable y espacioso con bolsillo adicional con cremallera en el interior. La bolsa de compras se puede plegar f\u00e1cilmente&hellip;<\/p>\n","protected":false},"featured_media":43513,"template":"","meta":{"_acf_changed":false},"product_brand":[],"product_cat":[2686,2953,2959],"product_tag":[],"class_list":{"0":"post-45526","1":"product","2":"type-product","3":"status-publish","4":"has-post-thumbnail","6":"product_cat-4-esenciales-de-viaje","7":"product_cat-bolsas-de-viaje","8":"product_cat-bolsas-plegables","10":"first","11":"instock","12":"purchasable","13":"product-type-simple"},"acf":[],"_links":{"self":[{"href":"https:\/\/travelsafe.nl\/es\/wp-json\/wp\/v2\/product\/45526","targetHints":{"allow":["GET"]}}],"collection":[{"href":"https:\/\/travelsafe.nl\/es\/wp-json\/wp\/v2\/product"}],"about":[{"href":"https:\/\/travelsafe.nl\/es\/wp-json\/wp\/v2\/types\/product"}],"wp:featuredmedia":[{"embeddable":true,"href":"https:\/\/travelsafe.nl\/es\/wp-json\/wp\/v2\/media\/43513"}],"wp:attachment":[{"href":"https:\/\/travelsafe.nl\/es\/wp-json\/wp\/v2\/media?parent=45526"}],"wp:term":[{"taxonomy":"product_brand","embeddable":true,"href":"https:\/\/travelsafe.nl\/es\/wp-json\/wp\/v2\/product_brand?post=45526"},{"taxonomy":"product_cat","embeddable":true,"href":"https:\/\/travelsafe.nl\/es\/wp-json\/wp\/v2\/product_cat?post=45526"},{"taxonomy":"product_tag","embeddable":true,"href":"https:\/\/travelsafe.nl\/es\/wp-json\/wp\/v2\/product_tag?post=45526"}],"curies":[{"name":"wp","href":"https:\/\/api.w.org\/{rel}","templated":true}]}}