{"id":45533,"date":"2019-06-10T22:56:14","date_gmt":"2019-06-10T22:56:14","guid":{"rendered":"https:\/\/travelsafe.nl\/assortiment\/uncategorized\/leech-proof-socks\/"},"modified":"2026-02-13T14:20:30","modified_gmt":"2026-02-13T14:20:30","slug":"leech-proof-socks","status":"publish","type":"product","link":"https:\/\/travelsafe.nl\/es\/assortiment\/2-repelente-de-insectos\/otro-repelente-de-insectos\/leech-proof-socks\/","title":{"rendered":"Calcetines anti-sanguijuelas\/garrapatas"},"content":{"rendered":"<p>\u00bfVas a hacer senderismo por la maleza o la selva, o vas a viajar por una zona tropical? Entonces las sanguijuelas y las garrapatas son un riesgo real. Las sanguijuelas se encuentran en todo el mundo, especialmente en zonas con mucha vegetaci\u00f3n, aguas estancadas o de flujo lento y en suelos forestales h\u00famedos. Durante las excursiones por la selva, a menudo se adhieren a los tobillos y la parte inferior de las piernas, y pueden incluso morder a trav\u00e9s de los calcetines normales. Las picaduras pican mucho y pueden infectarse, especialmente en climas tropicales.<br \/>\nLos calcetines TravelSafe Anti-Leech\/Tick est\u00e1n dise\u00f1ados para sellar la parte inferior de la pierna y ayudar a prevenir las picaduras. La parte del pie est\u00e1 hecha de poli\u00e9ster\/algod\u00f3n, mientras que la parte superior, de nailon resistente, ofrece una protecci\u00f3n adicional. Estos calcetines unisex son de talla \u00fanica y son indispensables en cualquier equipo tropical, pero tambi\u00e9n en zonas donde abundan las garrapatas.<\/p>\n<p>Dimensiones: Cintura \u00fanica<br \/>\nPoides: 90 g<br \/>\nLongitud del pie: 30 cm.<br \/>\nAltura: 30 cm<br \/>\nComposici\u00f3n: Poli\u00e9ster\/Polycoton<\/p>\n","protected":false},"excerpt":{"rendered":"<p>\u00bfVas a hacer senderismo por la maleza o la selva, o vas a viajar por una zona tropical? Entonces las sanguijuelas y&hellip;<\/p>\n","protected":false},"featured_media":43488,"template":"","meta":{"_acf_changed":false},"product_brand":[],"product_cat":[2960,2966],"product_tag":[],"class_list":{"0":"post-45533","1":"product","2":"type-product","3":"status-publish","4":"has-post-thumbnail","6":"product_cat-2-repelente-de-insectos","7":"product_cat-otro-repelente-de-insectos","9":"first","10":"instock","11":"purchasable","12":"product-type-simple"},"acf":[],"_links":{"self":[{"href":"https:\/\/travelsafe.nl\/es\/wp-json\/wp\/v2\/product\/45533","targetHints":{"allow":["GET"]}}],"collection":[{"href":"https:\/\/travelsafe.nl\/es\/wp-json\/wp\/v2\/product"}],"about":[{"href":"https:\/\/travelsafe.nl\/es\/wp-json\/wp\/v2\/types\/product"}],"wp:featuredmedia":[{"embeddable":true,"href":"https:\/\/travelsafe.nl\/es\/wp-json\/wp\/v2\/media\/43488"}],"wp:attachment":[{"href":"https:\/\/travelsafe.nl\/es\/wp-json\/wp\/v2\/media?parent=45533"}],"wp:term":[{"taxonomy":"product_brand","embeddable":true,"href":"https:\/\/travelsafe.nl\/es\/wp-json\/wp\/v2\/product_brand?post=45533"},{"taxonomy":"product_cat","embeddable":true,"href":"https:\/\/travelsafe.nl\/es\/wp-json\/wp\/v2\/product_cat?post=45533"},{"taxonomy":"product_tag","embeddable":true,"href":"https:\/\/travelsafe.nl\/es\/wp-json\/wp\/v2\/product_tag?post=45533"}],"curies":[{"name":"wp","href":"https:\/\/api.w.org\/{rel}","templated":true}]}}