{"id":45535,"date":"2019-06-10T22:56:06","date_gmt":"2019-06-10T22:56:06","guid":{"rendered":"https:\/\/travelsafe.nl\/assortiment\/uncategorized\/poncho-met-capuchon-transparant-uni-sex\/"},"modified":"2023-07-25T13:25:50","modified_gmt":"2023-07-25T13:25:50","slug":"poncho-met-capuchon-transparant-uni-sex","status":"publish","type":"product","link":"https:\/\/travelsafe.nl\/es\/assortiment\/4-esenciales-de-viaje\/ponchos-de-lluvia\/poncho-met-capuchon-transparant-uni-sex\/","title":{"rendered":"Poncho con capucha \u2013 Unisex"},"content":{"rendered":"<p>Un impermeable con capucha pr\u00e1ctico y compacto para llevar, f\u00e1cil de guardar y llevar contigo.<\/p>\n<p>Dimensiones: talla \u00fanica<br \/>\nPeso:\u00a0\u00a0\u00a0\u00a0\u00a0\u00a043g<br \/>\nMaterial:\u00a0\u00a0\u00a0\u00a0Poli\u00e9ster<br \/>\nColor:\u00a0 \u00a0 \u00a0 \u00a0\u00a0\u00a0\u00a0\u00a0Transparente<\/p>\n","protected":false},"excerpt":{"rendered":"<p>Un impermeable con capucha pr\u00e1ctico y compacto para llevar, f\u00e1cil de guardar y llevar contigo. Dimensiones: talla \u00fanica Peso:\u00a0\u00a0\u00a0\u00a0\u00a0\u00a043g Material:\u00a0\u00a0\u00a0\u00a0Poli\u00e9ster Color:\u00a0 \u00a0&hellip;<\/p>\n","protected":false},"featured_media":43483,"template":"","meta":{"_acf_changed":false},"product_brand":[],"product_cat":[2686,2947],"product_tag":[],"class_list":{"0":"post-45535","1":"product","2":"type-product","3":"status-publish","4":"has-post-thumbnail","6":"product_cat-4-esenciales-de-viaje","7":"product_cat-ponchos-de-lluvia","9":"first","10":"instock","11":"purchasable","12":"product-type-simple"},"acf":[],"_links":{"self":[{"href":"https:\/\/travelsafe.nl\/es\/wp-json\/wp\/v2\/product\/45535","targetHints":{"allow":["GET"]}}],"collection":[{"href":"https:\/\/travelsafe.nl\/es\/wp-json\/wp\/v2\/product"}],"about":[{"href":"https:\/\/travelsafe.nl\/es\/wp-json\/wp\/v2\/types\/product"}],"wp:featuredmedia":[{"embeddable":true,"href":"https:\/\/travelsafe.nl\/es\/wp-json\/wp\/v2\/media\/43483"}],"wp:attachment":[{"href":"https:\/\/travelsafe.nl\/es\/wp-json\/wp\/v2\/media?parent=45535"}],"wp:term":[{"taxonomy":"product_brand","embeddable":true,"href":"https:\/\/travelsafe.nl\/es\/wp-json\/wp\/v2\/product_brand?post=45535"},{"taxonomy":"product_cat","embeddable":true,"href":"https:\/\/travelsafe.nl\/es\/wp-json\/wp\/v2\/product_cat?post=45535"},{"taxonomy":"product_tag","embeddable":true,"href":"https:\/\/travelsafe.nl\/es\/wp-json\/wp\/v2\/product_tag?post=45535"}],"curies":[{"name":"wp","href":"https:\/\/api.w.org\/{rel}","templated":true}]}}