{"id":45542,"date":"2019-06-10T22:55:45","date_gmt":"2019-06-10T22:55:45","guid":{"rendered":"https:\/\/travelsafe.nl\/assortiment\/uncategorized\/mosquito-sunhat-beige\/"},"modified":"2023-07-27T14:47:51","modified_gmt":"2023-07-27T14:47:51","slug":"mosquito-sunhat-beige","status":"publish","type":"product","link":"https:\/\/travelsafe.nl\/es\/assortiment\/2-repelente-de-insectos\/mosquitera-para-cabeza\/mosquito-sunhat-beige\/","title":{"rendered":"Mosquitos Gorra para el sol &#8211; Beige"},"content":{"rendered":"<p>Esta mosquitera principal est\u00e1 fabricada en poli\u00e9ster 100% transpirable y ofrece protecci\u00f3n contra insectos y una protecci\u00f3n \u00f3ptima contra la radiaci\u00f3n UV (UPF50+). Este sombrero c\u00f3modo, liviano, de secado r\u00e1pido y aireado se puede plegar en un paquete peque\u00f1o y compacto, la mosquitera extra\u00edble se puede guardar f\u00e1cilmente en el compartimento separado en la parte superior del sombrero.<\/p>\n<p>Dimensiones: \u00a0 Talla \u00fanica<br \/>\nPeso: 112g<br \/>\nMaterial: 100 % poli\u00e9ster\/UPF 50+\/malla<\/p>\n","protected":false},"excerpt":{"rendered":"<p>Esta mosquitera principal est\u00e1 fabricada en poli\u00e9ster 100% transpirable y ofrece protecci\u00f3n contra insectos y una protecci\u00f3n \u00f3ptima contra la radiaci\u00f3n UV&hellip;<\/p>\n","protected":false},"featured_media":43446,"template":"","meta":{"_acf_changed":false},"product_brand":[],"product_cat":[2965,2327],"product_tag":[],"class_list":{"0":"post-45542","1":"product","2":"type-product","3":"status-publish","4":"has-post-thumbnail","6":"product_cat-mosquitera-para-cabeza","7":"product_cat-zonbescherming","9":"first","10":"instock","11":"purchasable","12":"product-type-simple"},"acf":[],"_links":{"self":[{"href":"https:\/\/travelsafe.nl\/es\/wp-json\/wp\/v2\/product\/45542","targetHints":{"allow":["GET"]}}],"collection":[{"href":"https:\/\/travelsafe.nl\/es\/wp-json\/wp\/v2\/product"}],"about":[{"href":"https:\/\/travelsafe.nl\/es\/wp-json\/wp\/v2\/types\/product"}],"wp:featuredmedia":[{"embeddable":true,"href":"https:\/\/travelsafe.nl\/es\/wp-json\/wp\/v2\/media\/43446"}],"wp:attachment":[{"href":"https:\/\/travelsafe.nl\/es\/wp-json\/wp\/v2\/media?parent=45542"}],"wp:term":[{"taxonomy":"product_brand","embeddable":true,"href":"https:\/\/travelsafe.nl\/es\/wp-json\/wp\/v2\/product_brand?post=45542"},{"taxonomy":"product_cat","embeddable":true,"href":"https:\/\/travelsafe.nl\/es\/wp-json\/wp\/v2\/product_cat?post=45542"},{"taxonomy":"product_tag","embeddable":true,"href":"https:\/\/travelsafe.nl\/es\/wp-json\/wp\/v2\/product_tag?post=45542"}],"curies":[{"name":"wp","href":"https:\/\/api.w.org\/{rel}","templated":true}]}}