{"id":45547,"date":"2019-06-10T22:55:37","date_gmt":"2019-06-10T22:55:37","guid":{"rendered":"https:\/\/travelsafe.nl\/assortiment\/uncategorized\/siliconen-knijpfles-89ml-blauw\/"},"modified":"2023-07-25T14:55:24","modified_gmt":"2023-07-25T14:55:24","slug":"siliconen-knijpfles-89ml-blauw","status":"publish","type":"product","link":"https:\/\/travelsafe.nl\/es\/assortiment\/4-esenciales-de-viaje\/accesorios-de-viaje\/otro-es\/siliconen-knijpfles-89ml-blauw\/","title":{"rendered":"Botella exprimible de silicona &#8211; Azul"},"content":{"rendered":"<p>Con estas suaves botellas de silicona puedes llevar f\u00e1cilmente tus l\u00edquidos contigo en un viaje. La tapa combinada sin goteo garantiza que no desperdicies ning\u00fan l\u00edquido y que la tapa se mantenga limpia. Por medio de la ventosa en la botella, puede fijar f\u00e1cilmente la botella exprimible a una pared lisa.<\/p>\n<p>Tambi\u00e9n disponible en naranja.<\/p>\n<p>Contenido: \u00a0\u00a0\u00a0\u00a089ml<br \/>\nPeso: 58g<br \/>\nMaterial: silicona &#8211; pl\u00e1stico<br \/>\nColor: \u00a0 \u00a0 \u00a0 Azul claro<\/p>\n","protected":false},"excerpt":{"rendered":"<p>Con estas suaves botellas de silicona puedes llevar f\u00e1cilmente tus l\u00edquidos contigo en un viaje. La tapa combinada sin goteo garantiza que&hellip;<\/p>\n","protected":false},"featured_media":43421,"template":"","meta":{"_acf_changed":false},"product_brand":[],"product_cat":[2686,2948,2951],"product_tag":[],"class_list":{"0":"post-45547","1":"product","2":"type-product","3":"status-publish","4":"has-post-thumbnail","6":"product_cat-4-esenciales-de-viaje","7":"product_cat-accesorios-de-viaje","8":"product_cat-otro-es","10":"first","11":"instock","12":"purchasable","13":"product-type-simple"},"acf":[],"_links":{"self":[{"href":"https:\/\/travelsafe.nl\/es\/wp-json\/wp\/v2\/product\/45547","targetHints":{"allow":["GET"]}}],"collection":[{"href":"https:\/\/travelsafe.nl\/es\/wp-json\/wp\/v2\/product"}],"about":[{"href":"https:\/\/travelsafe.nl\/es\/wp-json\/wp\/v2\/types\/product"}],"wp:featuredmedia":[{"embeddable":true,"href":"https:\/\/travelsafe.nl\/es\/wp-json\/wp\/v2\/media\/43421"}],"wp:attachment":[{"href":"https:\/\/travelsafe.nl\/es\/wp-json\/wp\/v2\/media?parent=45547"}],"wp:term":[{"taxonomy":"product_brand","embeddable":true,"href":"https:\/\/travelsafe.nl\/es\/wp-json\/wp\/v2\/product_brand?post=45547"},{"taxonomy":"product_cat","embeddable":true,"href":"https:\/\/travelsafe.nl\/es\/wp-json\/wp\/v2\/product_cat?post=45547"},{"taxonomy":"product_tag","embeddable":true,"href":"https:\/\/travelsafe.nl\/es\/wp-json\/wp\/v2\/product_tag?post=45547"}],"curies":[{"name":"wp","href":"https:\/\/api.w.org\/{rel}","templated":true}]}}