{"id":45570,"date":"2019-06-10T22:55:05","date_gmt":"2019-06-10T22:55:05","guid":{"rendered":"https:\/\/travelsafe.nl\/assortiment\/uncategorized\/nekkussen-kinderen-pinguin\/"},"modified":"2023-07-27T09:17:03","modified_gmt":"2023-07-27T09:17:03","slug":"nekkussen-kinderen-pinguin","status":"publish","type":"product","link":"https:\/\/travelsafe.nl\/es\/assortiment\/4-esenciales-de-viaje\/accesorios-de-viaje\/almohada-de-cuello\/nekkussen-kinderen-pinguin\/","title":{"rendered":"Almohada Cuello Ni\u00f1os \u2013 Ping\u00fcino"},"content":{"rendered":"<p>\u00a1Adem\u00e1s de la almohada para el cuello &#8220;confort&#8221; existente, TravelSafe ahora tambi\u00e9n tiene una l\u00ednea especial para NI\u00d1OS! Estas almohadas para el cuello son muy c\u00f3modas y suaves. El relleno de los cojines se compone de miles de bolas sint\u00e9ticas resistentes para el m\u00e1ximo confort. Adem\u00e1s del hecho de que los ni\u00f1os pueden dormir bien durante el viaje, \u00a1tambi\u00e9n es un abrazo agradable y suave!<\/p>\n<p>Tambi\u00e9n disponible como mariquita, jirafa y delf\u00edn.<\/p>\n<p>Dimensiones: 31 x 27 x 15 cm<br \/>\nPeso: 160g<br \/>\nMaterial: \u00a0 \u00a0Poli\u00e9ster\/Spandex<br \/>\nAnimal:\u00a0 \u00a0 \u00a0 \u00a0 \u00a0 \u00a0 \u00a0 Ping\u00fcino<\/p>\n","protected":false},"excerpt":{"rendered":"<p>\u00a1Adem\u00e1s de la almohada para el cuello &#8220;confort&#8221; existente, TravelSafe ahora tambi\u00e9n tiene una l\u00ednea especial para NI\u00d1OS! Estas almohadas para el&hellip;<\/p>\n","protected":false},"featured_media":43364,"template":"","meta":{"_acf_changed":false},"product_brand":[],"product_cat":[2686,2948,2950],"product_tag":[],"class_list":{"0":"post-45570","1":"product","2":"type-product","3":"status-publish","4":"has-post-thumbnail","6":"product_cat-4-esenciales-de-viaje","7":"product_cat-accesorios-de-viaje","8":"product_cat-almohada-de-cuello","10":"first","11":"instock","12":"purchasable","13":"product-type-simple"},"acf":[],"_links":{"self":[{"href":"https:\/\/travelsafe.nl\/es\/wp-json\/wp\/v2\/product\/45570","targetHints":{"allow":["GET"]}}],"collection":[{"href":"https:\/\/travelsafe.nl\/es\/wp-json\/wp\/v2\/product"}],"about":[{"href":"https:\/\/travelsafe.nl\/es\/wp-json\/wp\/v2\/types\/product"}],"wp:featuredmedia":[{"embeddable":true,"href":"https:\/\/travelsafe.nl\/es\/wp-json\/wp\/v2\/media\/43364"}],"wp:attachment":[{"href":"https:\/\/travelsafe.nl\/es\/wp-json\/wp\/v2\/media?parent=45570"}],"wp:term":[{"taxonomy":"product_brand","embeddable":true,"href":"https:\/\/travelsafe.nl\/es\/wp-json\/wp\/v2\/product_brand?post=45570"},{"taxonomy":"product_cat","embeddable":true,"href":"https:\/\/travelsafe.nl\/es\/wp-json\/wp\/v2\/product_cat?post=45570"},{"taxonomy":"product_tag","embeddable":true,"href":"https:\/\/travelsafe.nl\/es\/wp-json\/wp\/v2\/product_tag?post=45570"}],"curies":[{"name":"wp","href":"https:\/\/api.w.org\/{rel}","templated":true}]}}