{"id":45572,"date":"2019-06-10T22:54:59","date_gmt":"2019-06-10T22:54:59","guid":{"rendered":"https:\/\/travelsafe.nl\/assortiment\/uncategorized\/compressie-sokken-s-35-38\/"},"modified":"2023-07-27T13:50:51","modified_gmt":"2023-07-27T13:50:51","slug":"compressie-sokken-s-35-38","status":"publish","type":"product","link":"https:\/\/travelsafe.nl\/es\/assortiment\/4-esenciales-de-viaje\/accesorios-de-viaje\/calcetines-de-compresion\/compressie-sokken-s-35-38\/","title":{"rendered":"Calcetines de compresi\u00f3n para viajes \u2013 S 35-38"},"content":{"rendered":"<p>Los calcetines de presi\u00f3n ayudan a prevenir piernas\/tobillos hinchados, trombosis venosa profunda (DTV) y estimulan la circulaci\u00f3n durante un viaje largo. Cl\u00ednicamente probado y aprobado (BS 7563:1999). Los calcetines de presi\u00f3n no ofrecen protecci\u00f3n garantizada contra problemas m\u00e9dicos.<\/p>\n<p>Tallas disponibles: S- 35\/38 M- 39\/42 L- 43\/46<\/p>\n<p>Dimensiones: S-35\/38<br \/>\nPeso: 53g<br \/>\nMaterial: 77% algod\u00f3n &#8211; 18% licra &#8211; 5% poliamida<br \/>\nColor: Negro<\/p>\n","protected":false},"excerpt":{"rendered":"<p>Los calcetines de presi\u00f3n ayudan a prevenir piernas\/tobillos hinchados, trombosis venosa profunda (DTV) y estimulan la circulaci\u00f3n durante un viaje largo. Cl\u00ednicamente&hellip;<\/p>\n","protected":false},"featured_media":43348,"template":"","meta":{"_acf_changed":false},"product_brand":[],"product_cat":[2686,2948,2949],"product_tag":[],"class_list":{"0":"post-45572","1":"product","2":"type-product","3":"status-publish","4":"has-post-thumbnail","6":"product_cat-4-esenciales-de-viaje","7":"product_cat-accesorios-de-viaje","8":"product_cat-calcetines-de-compresion","10":"first","11":"instock","12":"purchasable","13":"product-type-simple"},"acf":[],"_links":{"self":[{"href":"https:\/\/travelsafe.nl\/es\/wp-json\/wp\/v2\/product\/45572","targetHints":{"allow":["GET"]}}],"collection":[{"href":"https:\/\/travelsafe.nl\/es\/wp-json\/wp\/v2\/product"}],"about":[{"href":"https:\/\/travelsafe.nl\/es\/wp-json\/wp\/v2\/types\/product"}],"wp:featuredmedia":[{"embeddable":true,"href":"https:\/\/travelsafe.nl\/es\/wp-json\/wp\/v2\/media\/43348"}],"wp:attachment":[{"href":"https:\/\/travelsafe.nl\/es\/wp-json\/wp\/v2\/media?parent=45572"}],"wp:term":[{"taxonomy":"product_brand","embeddable":true,"href":"https:\/\/travelsafe.nl\/es\/wp-json\/wp\/v2\/product_brand?post=45572"},{"taxonomy":"product_cat","embeddable":true,"href":"https:\/\/travelsafe.nl\/es\/wp-json\/wp\/v2\/product_cat?post=45572"},{"taxonomy":"product_tag","embeddable":true,"href":"https:\/\/travelsafe.nl\/es\/wp-json\/wp\/v2\/product_tag?post=45572"}],"curies":[{"name":"wp","href":"https:\/\/api.w.org\/{rel}","templated":true}]}}