{"id":45577,"date":"2019-06-10T22:54:51","date_gmt":"2019-06-10T22:54:51","guid":{"rendered":"https:\/\/travelsafe.nl\/assortiment\/uncategorized\/oogmasker-met-oordoppen\/"},"modified":"2023-07-27T13:57:40","modified_gmt":"2023-07-27T13:57:40","slug":"oogmasker-met-oordoppen","status":"publish","type":"product","link":"https:\/\/travelsafe.nl\/es\/assortiment\/4-esenciales-de-viaje\/dormir-es\/otro-es-2\/oogmasker-met-oordoppen\/","title":{"rendered":"Antifaz de espuma con tapones para los o\u00eddos"},"content":{"rendered":"<p>Antifaz moldeado con tapones para los o\u00eddos. La m\u00e1scara para ojos tiene una copa preformada y se adapta a los contornos de tu rostro. Las copas para los ojos cubren tus ojos sin crear presi\u00f3n. La forma especial de los tapones para los o\u00eddos asegura que encajen perfectamente en el canal auditivo.<\/p>\n<p>Dimensiones: talla \u00fanica<br \/>\nPeso:\u00a0\u00a0\u00a0\u00a0\u00a0\u00a017g<br \/>\nMaterial: \u00a0\u00a0\u00a0\u00a0Poli\u00e9ster y espuma moldeada<\/p>\n","protected":false},"excerpt":{"rendered":"<p>Antifaz moldeado con tapones para los o\u00eddos. La m\u00e1scara para ojos tiene una copa preformada y se adapta a los contornos de&hellip;<\/p>\n","protected":false},"featured_media":43334,"template":"","meta":{"_acf_changed":false},"product_brand":[],"product_cat":[2686,2948,2973,2975,2951],"product_tag":[],"class_list":{"0":"post-45577","1":"product","2":"type-product","3":"status-publish","4":"has-post-thumbnail","6":"product_cat-4-esenciales-de-viaje","7":"product_cat-accesorios-de-viaje","8":"product_cat-dormir-es","9":"product_cat-otro-es-2","10":"product_cat-otro-es","12":"first","13":"instock","14":"purchasable","15":"product-type-simple"},"acf":[],"_links":{"self":[{"href":"https:\/\/travelsafe.nl\/es\/wp-json\/wp\/v2\/product\/45577","targetHints":{"allow":["GET"]}}],"collection":[{"href":"https:\/\/travelsafe.nl\/es\/wp-json\/wp\/v2\/product"}],"about":[{"href":"https:\/\/travelsafe.nl\/es\/wp-json\/wp\/v2\/types\/product"}],"wp:featuredmedia":[{"embeddable":true,"href":"https:\/\/travelsafe.nl\/es\/wp-json\/wp\/v2\/media\/43334"}],"wp:attachment":[{"href":"https:\/\/travelsafe.nl\/es\/wp-json\/wp\/v2\/media?parent=45577"}],"wp:term":[{"taxonomy":"product_brand","embeddable":true,"href":"https:\/\/travelsafe.nl\/es\/wp-json\/wp\/v2\/product_brand?post=45577"},{"taxonomy":"product_cat","embeddable":true,"href":"https:\/\/travelsafe.nl\/es\/wp-json\/wp\/v2\/product_cat?post=45577"},{"taxonomy":"product_tag","embeddable":true,"href":"https:\/\/travelsafe.nl\/es\/wp-json\/wp\/v2\/product_tag?post=45577"}],"curies":[{"name":"wp","href":"https:\/\/api.w.org\/{rel}","templated":true}]}}