{"id":45586,"date":"2019-06-10T22:30:24","date_gmt":"2019-06-10T22:30:24","guid":{"rendered":"https:\/\/travelsafe.nl\/assortiment\/uncategorized\/mosquitonet-pyramide-tropenproof-2-persoons\/"},"modified":"2023-07-27T14:59:10","modified_gmt":"2023-07-27T14:59:10","slug":"mosquitonet-pyramide-tropenproof-2-persoons","status":"publish","type":"product","link":"https:\/\/travelsafe.nl\/es\/assortiment\/mosquitero\/impregnado\/dos-personas\/mosquitonet-pyramide-tropenproof-2-persoons\/","title":{"rendered":"TravelSafe Mosquitera Pyramid &#8211; Tropenproof &#8211; 2 personas"},"content":{"rendered":"<p>Este modelo de pir\u00e1mide para 2 personas es f\u00e1cil de colgar gracias al accesorio de 1 punto. El ventilador suministrado debe colocarse en el &#8220;techo&#8221; de la mosquitera y asegura que la mosquitera se extienda bien sobre su lugar para dormir. El mosquitero es adecuado para los tr\u00f3picos y viene con una cubierta y un sistema de suspensi\u00f3n (compuesto por un gancho de tornillo y una cuerda de nailon).<\/p>\n<p>TravelSafe ofrece una gama completa de mosquiteros. TravelSafe tiene el mosquitero adecuado para cada categor\u00eda de viajero. Si vas al tr\u00f3pico, elige siempre la mosquitera Tropical. Si te quedas dentro de Europa, elige la mosquitera Basic y cuando viajes a Escandinavia o Escocia, elige la mosquitera Nordic con malla extrafina. Todas las redes TravelSafe cumplen con los m\u00e1s altos requisitos de calidad, est\u00e1n cerradas por todas partes, tienen una malla fina y algunos modelos tambi\u00e9n est\u00e1n equipados con una tira de sujeci\u00f3n extra resistente. El exclusivo sistema de codificaci\u00f3n por colores le facilita la elecci\u00f3n. Todos los mosquiteros empacados en fundas azules son los mosquiteros b\u00e1sicos que se pueden usar en Europa, los mosquiteros empacados en fundas verdes son de malla extra fina y lo protegen contra los insectos m\u00e1s peque\u00f1os como los mosquitos, peque\u00f1os t\u00e1banos, que se encuentran en Escandinavia\/Escocia. Las redes, empaquetadas en mangas naranjas, est\u00e1n especialmente dise\u00f1adas para su uso en los tr\u00f3picos.<\/p>\n<p>Dimensiones: \u00d8 1050 x 240 cm<br \/>\nPeso: 673g<br \/>\nMaterial:\u00a0poli\u00e9ster\/malla<br \/>\nPersonas: 2<br \/>\nDensidad: 225 agujeros\/pulgada\u00b2<\/p>\n","protected":false},"excerpt":{"rendered":"<p>Este modelo de pir\u00e1mide para 2 personas es f\u00e1cil de colgar gracias al accesorio de 1 punto. El ventilador suministrado debe colocarse&hellip;<\/p>\n","protected":false},"featured_media":43039,"template":"","meta":{"_acf_changed":false},"product_brand":[],"product_cat":[3098,2917,2915],"product_tag":[],"class_list":{"0":"post-45586","1":"product","2":"type-product","3":"status-publish","4":"has-post-thumbnail","6":"product_cat-dos-personas","7":"product_cat-impregnado","8":"product_cat-mosquitero","10":"first","11":"instock","12":"purchasable","13":"product-type-simple"},"acf":[],"_links":{"self":[{"href":"https:\/\/travelsafe.nl\/es\/wp-json\/wp\/v2\/product\/45586","targetHints":{"allow":["GET"]}}],"collection":[{"href":"https:\/\/travelsafe.nl\/es\/wp-json\/wp\/v2\/product"}],"about":[{"href":"https:\/\/travelsafe.nl\/es\/wp-json\/wp\/v2\/types\/product"}],"wp:featuredmedia":[{"embeddable":true,"href":"https:\/\/travelsafe.nl\/es\/wp-json\/wp\/v2\/media\/43039"}],"wp:attachment":[{"href":"https:\/\/travelsafe.nl\/es\/wp-json\/wp\/v2\/media?parent=45586"}],"wp:term":[{"taxonomy":"product_brand","embeddable":true,"href":"https:\/\/travelsafe.nl\/es\/wp-json\/wp\/v2\/product_brand?post=45586"},{"taxonomy":"product_cat","embeddable":true,"href":"https:\/\/travelsafe.nl\/es\/wp-json\/wp\/v2\/product_cat?post=45586"},{"taxonomy":"product_tag","embeddable":true,"href":"https:\/\/travelsafe.nl\/es\/wp-json\/wp\/v2\/product_tag?post=45586"}],"curies":[{"name":"wp","href":"https:\/\/api.w.org\/{rel}","templated":true}]}}