{"id":45593,"date":"2019-06-10T22:29:56","date_gmt":"2019-06-10T22:29:56","guid":{"rendered":"https:\/\/travelsafe.nl\/assortiment\/uncategorized\/pyramid-mosquitonet-1-pers-pyramidestijl\/"},"modified":"2023-07-27T15:11:59","modified_gmt":"2023-07-27T15:11:59","slug":"pyramid-mosquitonet-1-pers-pyramidestijl","status":"publish","type":"product","link":"https:\/\/travelsafe.nl\/es\/assortiment\/mosquitero\/basico\/1-2-persona-es\/pyramid-mosquitonet-1-pers-pyramidestijl\/","title":{"rendered":"Mosquitera Modelo Pir\u00e1mide &#8211; 1 persona"},"content":{"rendered":"<p>Esta serie de modelos Pyramid viene con tapa y sistema de suspensi\u00f3n, que consta de 10 metros de alambre de montaje y gancho. Este modelo es f\u00e1cil de colgar en un anillo y el ventilador asegura que el mosquitero se extienda bien sobre su lugar para dormir. Esta versi\u00f3n es adecuada para una cama individual y no est\u00e1 impregnada.<\/p>\n<p>TravelSafe ofrece una gama completa de mosquiteros. TravelSafe tiene el mosquitero adecuado para cada categor\u00eda de viajero. Si vas al tr\u00f3pico, elige siempre la mosquitera Tropical. Si te quedas dentro de Europa, elige la mosquitera Basic y cuando viajes a Escandinavia o Escocia, elige la mosquitera Nordic con malla extrafina. Todas las redes TravelSafe cumplen con los m\u00e1s altos requisitos de calidad, est\u00e1n cerradas por todas partes, tienen una malla fina y algunos modelos tambi\u00e9n est\u00e1n equipados con una tira de sujeci\u00f3n extra resistente. El exclusivo sistema de codificaci\u00f3n por colores le facilita la elecci\u00f3n. Todos los mosquiteros empacados en fundas azules son los mosquiteros b\u00e1sicos que se pueden usar en Europa, los mosquiteros empacados en fundas verdes son de malla extra fina y lo protegen contra los insectos m\u00e1s peque\u00f1os como los mosquitos, peque\u00f1os t\u00e1banos, que se encuentran en Escandinavia\/Escocia. Las redes, empaquetadas en mangas naranjas, est\u00e1n especialmente dise\u00f1adas para su uso en los tr\u00f3picos.<\/p>\n<p>Dimensiones: \u00d8 800 x 240 cm<br \/>\nPeso: 445g<br \/>\nMaterial:\u00a0 \u00a0\u00a0 \u00a0Poli\u00e9ster \/ Malla<br \/>\nPersonas:\u00a0 \u00a0 \u00a0 1<br \/>\nDensidad: 225 agujeros\/pulgada\u00b2<\/p>\n","protected":false},"excerpt":{"rendered":"<p>Esta serie de modelos Pyramid viene con tapa y sistema de suspensi\u00f3n, que consta de 10 metros de alambre de montaje y&hellip;<\/p>\n","protected":false},"featured_media":43012,"template":"","meta":{"_acf_changed":false},"product_brand":[],"product_cat":[2921,2916,2915],"product_tag":[],"class_list":{"0":"post-45593","1":"product","2":"type-product","3":"status-publish","4":"has-post-thumbnail","6":"product_cat-1-2-persona-es","7":"product_cat-basico","8":"product_cat-mosquitero","10":"first","11":"instock","12":"purchasable","13":"product-type-simple"},"acf":[],"_links":{"self":[{"href":"https:\/\/travelsafe.nl\/es\/wp-json\/wp\/v2\/product\/45593","targetHints":{"allow":["GET"]}}],"collection":[{"href":"https:\/\/travelsafe.nl\/es\/wp-json\/wp\/v2\/product"}],"about":[{"href":"https:\/\/travelsafe.nl\/es\/wp-json\/wp\/v2\/types\/product"}],"wp:featuredmedia":[{"embeddable":true,"href":"https:\/\/travelsafe.nl\/es\/wp-json\/wp\/v2\/media\/43012"}],"wp:attachment":[{"href":"https:\/\/travelsafe.nl\/es\/wp-json\/wp\/v2\/media?parent=45593"}],"wp:term":[{"taxonomy":"product_brand","embeddable":true,"href":"https:\/\/travelsafe.nl\/es\/wp-json\/wp\/v2\/product_brand?post=45593"},{"taxonomy":"product_cat","embeddable":true,"href":"https:\/\/travelsafe.nl\/es\/wp-json\/wp\/v2\/product_cat?post=45593"},{"taxonomy":"product_tag","embeddable":true,"href":"https:\/\/travelsafe.nl\/es\/wp-json\/wp\/v2\/product_tag?post=45593"}],"curies":[{"name":"wp","href":"https:\/\/api.w.org\/{rel}","templated":true}]}}