{"id":45600,"date":"2019-06-10T22:30:17","date_gmt":"2019-06-10T22:30:17","guid":{"rendered":"https:\/\/travelsafe.nl\/assortiment\/uncategorized\/hoofdklamboe-slaakzak\/"},"modified":"2023-07-28T11:45:17","modified_gmt":"2023-07-28T11:45:17","slug":"hoofdklamboe-slaakzak","status":"publish","type":"product","link":"https:\/\/travelsafe.nl\/es\/assortiment\/2-repelente-de-insectos\/otro-repelente-de-insectos\/hoofdklamboe-slaakzak\/","title":{"rendered":"Red de almohada \u2013 Saco de dormir principal con mosquitera"},"content":{"rendered":"<p>Con la red Pillow podr\u00e1s pasar la noche al aire libre sin insectos. Te protege de varios insectos. La red se puede cerrar bien con el el\u00e1stico ajustable en la parte inferior. Peque\u00f1o y compacto, ideal para el mochilero.<\/p>\n<p>Dimensiones: 60 x 70 cm<br \/>\nPeso: 57g<br \/>\nMaterial: \u00a0 \u00a0 \u00a0Poli\u00e9ster<br \/>\nPersonas:\u00a0 \u00a0 \u00a0 1<br \/>\nDensidad: \u00a0 \u00a0\u00a0\u00b1800 agujeros\/pulgada\u00b2<\/p>\n","protected":false},"excerpt":{"rendered":"<p>Con la red Pillow podr\u00e1s pasar la noche al aire libre sin insectos. Te protege de varios insectos. La red se puede&hellip;<\/p>\n","protected":false},"featured_media":43027,"template":"","meta":{"_acf_changed":false},"product_brand":[],"product_cat":[2960,2966],"product_tag":[],"class_list":{"0":"post-45600","1":"product","2":"type-product","3":"status-publish","4":"has-post-thumbnail","6":"product_cat-2-repelente-de-insectos","7":"product_cat-otro-repelente-de-insectos","9":"first","10":"instock","11":"purchasable","12":"product-type-simple"},"acf":[],"_links":{"self":[{"href":"https:\/\/travelsafe.nl\/es\/wp-json\/wp\/v2\/product\/45600","targetHints":{"allow":["GET"]}}],"collection":[{"href":"https:\/\/travelsafe.nl\/es\/wp-json\/wp\/v2\/product"}],"about":[{"href":"https:\/\/travelsafe.nl\/es\/wp-json\/wp\/v2\/types\/product"}],"wp:featuredmedia":[{"embeddable":true,"href":"https:\/\/travelsafe.nl\/es\/wp-json\/wp\/v2\/media\/43027"}],"wp:attachment":[{"href":"https:\/\/travelsafe.nl\/es\/wp-json\/wp\/v2\/media?parent=45600"}],"wp:term":[{"taxonomy":"product_brand","embeddable":true,"href":"https:\/\/travelsafe.nl\/es\/wp-json\/wp\/v2\/product_brand?post=45600"},{"taxonomy":"product_cat","embeddable":true,"href":"https:\/\/travelsafe.nl\/es\/wp-json\/wp\/v2\/product_cat?post=45600"},{"taxonomy":"product_tag","embeddable":true,"href":"https:\/\/travelsafe.nl\/es\/wp-json\/wp\/v2\/product_tag?post=45600"}],"curies":[{"name":"wp","href":"https:\/\/api.w.org\/{rel}","templated":true}]}}