{"id":45607,"date":"2019-06-10T22:54:42","date_gmt":"2019-06-10T22:54:42","guid":{"rendered":"https:\/\/travelsafe.nl\/assortiment\/uncategorized\/waslijn-elastisch-incl-waterstop\/"},"modified":"2023-08-01T07:58:19","modified_gmt":"2023-08-01T07:58:19","slug":"waslijn-elastisch-incl-waterstop","status":"publish","type":"product","link":"https:\/\/travelsafe.nl\/es\/assortiment\/4-esenciales-de-viaje\/accesorios-de-viaje\/otro-es\/waslijn-elastisch-incl-waterstop\/","title":{"rendered":"Cuerda de lavado el\u00e1stica y tap\u00f3n de drenaje"},"content":{"rendered":"<p>Este tendedero el\u00e1stico consta de dos bandas el\u00e1sticas retorcidas entre las que puede sujetar la ropa, por lo que ya no necesita pinzas para la ropa. La longitud del tendedero es de 1,5 metros y se puede estirar hasta un m\u00e1ximo de 2,5 metros. Siempre puede usar el tap\u00f3n de drenaje universal para cualquier drenaje.<\/p>\n<p>Dimensiones: 150 &#x2194; 250 cm<br \/>\nPeso: 103g<\/p>\n","protected":false},"excerpt":{"rendered":"<p>Este tendedero el\u00e1stico consta de dos bandas el\u00e1sticas retorcidas entre las que puede sujetar la ropa, por lo que ya no necesita&hellip;<\/p>\n","protected":false},"featured_media":43320,"template":"","meta":{"_acf_changed":false},"product_brand":[],"product_cat":[2686,2948,2951],"product_tag":[],"class_list":{"0":"post-45607","1":"product","2":"type-product","3":"status-publish","4":"has-post-thumbnail","6":"product_cat-4-esenciales-de-viaje","7":"product_cat-accesorios-de-viaje","8":"product_cat-otro-es","10":"first","11":"instock","12":"purchasable","13":"product-type-simple"},"acf":[],"_links":{"self":[{"href":"https:\/\/travelsafe.nl\/es\/wp-json\/wp\/v2\/product\/45607","targetHints":{"allow":["GET"]}}],"collection":[{"href":"https:\/\/travelsafe.nl\/es\/wp-json\/wp\/v2\/product"}],"about":[{"href":"https:\/\/travelsafe.nl\/es\/wp-json\/wp\/v2\/types\/product"}],"wp:featuredmedia":[{"embeddable":true,"href":"https:\/\/travelsafe.nl\/es\/wp-json\/wp\/v2\/media\/43320"}],"wp:attachment":[{"href":"https:\/\/travelsafe.nl\/es\/wp-json\/wp\/v2\/media?parent=45607"}],"wp:term":[{"taxonomy":"product_brand","embeddable":true,"href":"https:\/\/travelsafe.nl\/es\/wp-json\/wp\/v2\/product_brand?post=45607"},{"taxonomy":"product_cat","embeddable":true,"href":"https:\/\/travelsafe.nl\/es\/wp-json\/wp\/v2\/product_cat?post=45607"},{"taxonomy":"product_tag","embeddable":true,"href":"https:\/\/travelsafe.nl\/es\/wp-json\/wp\/v2\/product_tag?post=45607"}],"curies":[{"name":"wp","href":"https:\/\/api.w.org\/{rel}","templated":true}]}}