{"id":45609,"date":"2019-06-10T22:54:42","date_gmt":"2019-06-10T22:54:42","guid":{"rendered":"https:\/\/travelsafe.nl\/assortiment\/uncategorized\/washandjes-4-stuks\/"},"modified":"2023-09-07T09:03:46","modified_gmt":"2023-09-07T09:03:46","slug":"washandjes-4-stuks","status":"publish","type":"product","link":"https:\/\/travelsafe.nl\/es\/assortiment\/4-esenciales-de-viaje\/accesorios-de-viaje\/washandjes-4-stuks\/","title":{"rendered":"Pa\u00f1os \u2013 4 uds."},"content":{"rendered":"<p>Los \u201cguantes corporales\u201d Travel-Safe son muy \u00fatiles para la higiene personal. Estas toallitas desechables impregnadas hacen superfluo el uso de agua, jab\u00f3n, palanganas, toallas, etc. Con estos \u201cguantes de cuerpo\u201d podr\u00e1s refrescarte en cualquier lugar y en cualquier momento del d\u00eda. Las toallitas est\u00e1n testadas dermatol\u00f3gicamente, son de un solo uso, biodegradables y aptas para todo tipo de pieles.<\/p>\n<p>Dimensiones: 14 x 23 cm<br \/>\nPeso: 4 toallitas x 20g<\/p>\n","protected":false},"excerpt":{"rendered":"<p>Los \u201cguantes corporales\u201d Travel-Safe son muy \u00fatiles para la higiene personal. Estas toallitas desechables impregnadas hacen superfluo el uso de agua, jab\u00f3n,&hellip;<\/p>\n","protected":false},"featured_media":43327,"template":"","meta":{"_acf_changed":false},"product_brand":[],"product_cat":[2686,2948,2935],"product_tag":[],"class_list":{"0":"post-45609","1":"product","2":"type-product","3":"status-publish","4":"has-post-thumbnail","6":"product_cat-4-esenciales-de-viaje","7":"product_cat-accesorios-de-viaje","8":"product_cat-gezondheid-reisbenodigdheden-es","10":"first","11":"instock","12":"purchasable","13":"product-type-simple"},"acf":[],"_links":{"self":[{"href":"https:\/\/travelsafe.nl\/es\/wp-json\/wp\/v2\/product\/45609","targetHints":{"allow":["GET"]}}],"collection":[{"href":"https:\/\/travelsafe.nl\/es\/wp-json\/wp\/v2\/product"}],"about":[{"href":"https:\/\/travelsafe.nl\/es\/wp-json\/wp\/v2\/types\/product"}],"wp:featuredmedia":[{"embeddable":true,"href":"https:\/\/travelsafe.nl\/es\/wp-json\/wp\/v2\/media\/43327"}],"wp:attachment":[{"href":"https:\/\/travelsafe.nl\/es\/wp-json\/wp\/v2\/media?parent=45609"}],"wp:term":[{"taxonomy":"product_brand","embeddable":true,"href":"https:\/\/travelsafe.nl\/es\/wp-json\/wp\/v2\/product_brand?post=45609"},{"taxonomy":"product_cat","embeddable":true,"href":"https:\/\/travelsafe.nl\/es\/wp-json\/wp\/v2\/product_cat?post=45609"},{"taxonomy":"product_tag","embeddable":true,"href":"https:\/\/travelsafe.nl\/es\/wp-json\/wp\/v2\/product_tag?post=45609"}],"curies":[{"name":"wp","href":"https:\/\/api.w.org\/{rel}","templated":true}]}}