{"id":45613,"date":"2019-06-10T22:54:30","date_gmt":"2019-06-10T22:54:30","guid":{"rendered":"https:\/\/travelsafe.nl\/assortiment\/uncategorized\/oordopjes-in-beschermkoker\/"},"modified":"2023-08-01T08:05:26","modified_gmt":"2023-08-01T08:05:26","slug":"oordopjes-in-beschermkoker","status":"publish","type":"product","link":"https:\/\/travelsafe.nl\/es\/assortiment\/4-esenciales-de-viaje\/dormir-es\/otro-es-2\/oordopjes-in-beschermkoker\/","title":{"rendered":"Tapones para los o\u00eddos en un estuche de lujo"},"content":{"rendered":"<p>Estos tapones para los o\u00eddos son muy c\u00f3modos, suaves y amortiguan principalmente los ruidos molestos que te rodean. Con estos tapones para los o\u00eddos silenciosos TravelSafe puedes dormir tranquilo y sin molestias. Embalado en un tubo de almacenamiento de lujo.<\/p>\n<p>Peso: 20g<br \/>\nMaterial: Aluminio y Espuma<\/p>\n","protected":false},"excerpt":{"rendered":"<p>Estos tapones para los o\u00eddos son muy c\u00f3modos, suaves y amortiguan principalmente los ruidos molestos que te rodean. Con estos tapones para&hellip;<\/p>\n","protected":false},"featured_media":43316,"template":"","meta":{"_acf_changed":false},"product_brand":[],"product_cat":[2686,2948,2973,2975,2951],"product_tag":[],"class_list":{"0":"post-45613","1":"product","2":"type-product","3":"status-publish","4":"has-post-thumbnail","6":"product_cat-4-esenciales-de-viaje","7":"product_cat-accesorios-de-viaje","8":"product_cat-dormir-es","9":"product_cat-otro-es-2","10":"product_cat-otro-es","12":"first","13":"instock","14":"purchasable","15":"product-type-simple"},"acf":[],"_links":{"self":[{"href":"https:\/\/travelsafe.nl\/es\/wp-json\/wp\/v2\/product\/45613","targetHints":{"allow":["GET"]}}],"collection":[{"href":"https:\/\/travelsafe.nl\/es\/wp-json\/wp\/v2\/product"}],"about":[{"href":"https:\/\/travelsafe.nl\/es\/wp-json\/wp\/v2\/types\/product"}],"wp:featuredmedia":[{"embeddable":true,"href":"https:\/\/travelsafe.nl\/es\/wp-json\/wp\/v2\/media\/43316"}],"wp:attachment":[{"href":"https:\/\/travelsafe.nl\/es\/wp-json\/wp\/v2\/media?parent=45613"}],"wp:term":[{"taxonomy":"product_brand","embeddable":true,"href":"https:\/\/travelsafe.nl\/es\/wp-json\/wp\/v2\/product_brand?post=45613"},{"taxonomy":"product_cat","embeddable":true,"href":"https:\/\/travelsafe.nl\/es\/wp-json\/wp\/v2\/product_cat?post=45613"},{"taxonomy":"product_tag","embeddable":true,"href":"https:\/\/travelsafe.nl\/es\/wp-json\/wp\/v2\/product_tag?post=45613"}],"curies":[{"name":"wp","href":"https:\/\/api.w.org\/{rel}","templated":true}]}}