{"id":45615,"date":"2019-06-10T22:54:14","date_gmt":"2019-06-10T22:54:14","guid":{"rendered":"https:\/\/travelsafe.nl\/assortiment\/uncategorized\/moneybelt-city-safe-polyester-zwart\/"},"modified":"2023-08-01T08:09:39","modified_gmt":"2023-08-01T08:09:39","slug":"moneybelt-city-safe-polyester-zwart","status":"publish","type":"product","link":"https:\/\/travelsafe.nl\/es\/assortiment\/4-esenciales-de-viaje\/bolsas-de-viaje\/cinturon-dinero\/poliester\/moneybelt-city-safe-polyester-zwart\/","title":{"rendered":"TravelSafe City Safe &#8211; Ri\u00f1onera &#8211; Negro"},"content":{"rendered":"<p>Citysafe es una bolsa de seguridad con un bolsillo con cremallera y una bolsa impermeable. Ideal para guardar todos sus documentos de viaje. Col\u00f3quelo en el cintur\u00f3n y d\u00f3blelo hacia atr\u00e1s dentro de los pantalones para que nadie pueda ver la bolsa. Todas las costuras y costuras tienen un acabado suave, la parte posterior est\u00e1 hecha de Coolmax\u00ae que es agradable para la piel y asegura que tu piel tenga una regulaci\u00f3n \u00f3ptima de la humedad. La caja fuerte City est\u00e1 hecha de Ripstop Nylon\/PU, lo que garantiza que resista golpes.<\/p>\n<p>Tambi\u00e9n disponible en negro (TS0357.0001).<\/p>\n<p>Dimensiones: 19 x 13 cm<br \/>\nPeso: 25g<br \/>\nMaterial: nailon antidesgarros\/poliuretano.<br \/>\nColor: Negro<\/p>\n","protected":false},"excerpt":{"rendered":"<p>Citysafe es una bolsa de seguridad con un bolsillo con cremallera y una bolsa impermeable. Ideal para guardar todos sus documentos de&hellip;<\/p>\n","protected":false},"featured_media":43293,"template":"","meta":{"_acf_changed":false},"product_brand":[],"product_cat":[2686,2955,2957],"product_tag":[],"class_list":{"0":"post-45615","1":"product","2":"type-product","3":"status-publish","4":"has-post-thumbnail","6":"product_cat-4-esenciales-de-viaje","7":"product_cat-cinturon-dinero","8":"product_cat-poliester","10":"first","11":"onbackorder","12":"purchasable","13":"product-type-simple"},"acf":[],"_links":{"self":[{"href":"https:\/\/travelsafe.nl\/es\/wp-json\/wp\/v2\/product\/45615","targetHints":{"allow":["GET"]}}],"collection":[{"href":"https:\/\/travelsafe.nl\/es\/wp-json\/wp\/v2\/product"}],"about":[{"href":"https:\/\/travelsafe.nl\/es\/wp-json\/wp\/v2\/types\/product"}],"wp:featuredmedia":[{"embeddable":true,"href":"https:\/\/travelsafe.nl\/es\/wp-json\/wp\/v2\/media\/43293"}],"wp:attachment":[{"href":"https:\/\/travelsafe.nl\/es\/wp-json\/wp\/v2\/media?parent=45615"}],"wp:term":[{"taxonomy":"product_brand","embeddable":true,"href":"https:\/\/travelsafe.nl\/es\/wp-json\/wp\/v2\/product_brand?post=45615"},{"taxonomy":"product_cat","embeddable":true,"href":"https:\/\/travelsafe.nl\/es\/wp-json\/wp\/v2\/product_cat?post=45615"},{"taxonomy":"product_tag","embeddable":true,"href":"https:\/\/travelsafe.nl\/es\/wp-json\/wp\/v2\/product_tag?post=45615"}],"curies":[{"name":"wp","href":"https:\/\/api.w.org\/{rel}","templated":true}]}}