{"id":45624,"date":"2019-06-10T22:53:56","date_gmt":"2019-06-10T22:53:56","guid":{"rendered":"https:\/\/travelsafe.nl\/assortiment\/uncategorized\/moneybelt-checkout-zwart\/"},"modified":"2023-08-01T08:18:17","modified_gmt":"2023-08-01T08:18:17","slug":"moneybelt-checkout-zwart","status":"publish","type":"product","link":"https:\/\/travelsafe.nl\/es\/assortiment\/4-esenciales-de-viaje\/bolsas-de-viaje\/cinturon-dinero\/poliester\/moneybelt-checkout-zwart\/","title":{"rendered":"Check out &#8211; Monedero de cuello &#8211; Negro"},"content":{"rendered":"<p>Bolsa de cuello con 2\u00a0bolsillos con cremallera y 3 bolsillos laterales para todos tus documentos de viaje. La solapa de cierre est\u00e1 sujeta con velcro y todas las costuras y pespuntes tienen un acabado suave y agradable a la piel. La parte posterior est\u00e1 hecha de Coolmax\u00ae, que es c\u00f3modo para la piel y asegura que su piel tenga una regulaci\u00f3n \u00f3ptima de la humedad.<\/p>\n<p>Tambi\u00e9n disponible en beige (TS0356.0027).<\/p>\n<p>Dimensiones: 13 x 20 cm<br \/>\nPeso: 33g<br \/>\nMaterial: Poli\u00e9ster<br \/>\nColor: Negro<\/p>\n","protected":false},"excerpt":{"rendered":"<p>Bolsa de cuello con 2\u00a0bolsillos con cremallera y 3 bolsillos laterales para todos tus documentos de viaje. La solapa de cierre est\u00e1&hellip;<\/p>\n","protected":false},"featured_media":43281,"template":"","meta":{"_acf_changed":false},"product_brand":[],"product_cat":[2686,2955,2957],"product_tag":[],"class_list":{"0":"post-45624","1":"product","2":"type-product","3":"status-publish","4":"has-post-thumbnail","6":"product_cat-4-esenciales-de-viaje","7":"product_cat-cinturon-dinero","8":"product_cat-poliester","10":"first","11":"instock","12":"purchasable","13":"product-type-simple"},"acf":[],"_links":{"self":[{"href":"https:\/\/travelsafe.nl\/es\/wp-json\/wp\/v2\/product\/45624","targetHints":{"allow":["GET"]}}],"collection":[{"href":"https:\/\/travelsafe.nl\/es\/wp-json\/wp\/v2\/product"}],"about":[{"href":"https:\/\/travelsafe.nl\/es\/wp-json\/wp\/v2\/types\/product"}],"wp:featuredmedia":[{"embeddable":true,"href":"https:\/\/travelsafe.nl\/es\/wp-json\/wp\/v2\/media\/43281"}],"wp:attachment":[{"href":"https:\/\/travelsafe.nl\/es\/wp-json\/wp\/v2\/media?parent=45624"}],"wp:term":[{"taxonomy":"product_brand","embeddable":true,"href":"https:\/\/travelsafe.nl\/es\/wp-json\/wp\/v2\/product_brand?post=45624"},{"taxonomy":"product_cat","embeddable":true,"href":"https:\/\/travelsafe.nl\/es\/wp-json\/wp\/v2\/product_cat?post=45624"},{"taxonomy":"product_tag","embeddable":true,"href":"https:\/\/travelsafe.nl\/es\/wp-json\/wp\/v2\/product_tag?post=45624"}],"curies":[{"name":"wp","href":"https:\/\/api.w.org\/{rel}","templated":true}]}}