{"id":45626,"date":"2019-06-10T22:32:27","date_gmt":"2019-06-10T22:32:27","guid":{"rendered":"https:\/\/travelsafe.nl\/assortiment\/uncategorized\/webbing-tsa-koffer-reisslot-koffer-en-cijfer\/"},"modified":"2023-08-01T08:23:32","modified_gmt":"2023-08-01T08:23:32","slug":"webbing-tsa-koffer-reisslot-koffer-en-cijfer","status":"publish","type":"product","link":"https:\/\/travelsafe.nl\/es\/assortiment\/4-esenciales-de-viaje\/accesorios-de-viaje\/cerraduras-de-viaje\/webbing-tsa-koffer-reisslot-koffer-en-cijfer\/","title":{"rendered":"Correa para maleta TSA con candado de combinaci\u00f3n"},"content":{"rendered":"<p>Esta correa para maleta con candado de combinaci\u00f3n tiene un candado TSA. Su maleta se puede empacar de manera segura de esta manera<br \/>\ncierra con un c\u00f3digo TSA de 3 d\u00edgitos y abre c\u00f3modamente con el cierre de liberaci\u00f3n r\u00e1pida.<\/p>\n<p>Longitud del cintur\u00f3n: 190 cm<br \/>\nPeso:\u00a0 \u00a0 \u00a0 159g<\/p>\n","protected":false},"excerpt":{"rendered":"<p>Esta correa para maleta con candado de combinaci\u00f3n tiene un candado TSA. Su maleta se puede empacar de manera segura de esta&hellip;<\/p>\n","protected":false},"featured_media":43235,"template":"","meta":{"_acf_changed":false},"product_brand":[],"product_cat":[2686,2948,2952],"product_tag":[],"class_list":{"0":"post-45626","1":"product","2":"type-product","3":"status-publish","4":"has-post-thumbnail","6":"product_cat-4-esenciales-de-viaje","7":"product_cat-accesorios-de-viaje","8":"product_cat-cerraduras-de-viaje","10":"first","11":"instock","12":"purchasable","13":"product-type-simple"},"acf":[],"_links":{"self":[{"href":"https:\/\/travelsafe.nl\/es\/wp-json\/wp\/v2\/product\/45626","targetHints":{"allow":["GET"]}}],"collection":[{"href":"https:\/\/travelsafe.nl\/es\/wp-json\/wp\/v2\/product"}],"about":[{"href":"https:\/\/travelsafe.nl\/es\/wp-json\/wp\/v2\/types\/product"}],"wp:featuredmedia":[{"embeddable":true,"href":"https:\/\/travelsafe.nl\/es\/wp-json\/wp\/v2\/media\/43235"}],"wp:attachment":[{"href":"https:\/\/travelsafe.nl\/es\/wp-json\/wp\/v2\/media?parent=45626"}],"wp:term":[{"taxonomy":"product_brand","embeddable":true,"href":"https:\/\/travelsafe.nl\/es\/wp-json\/wp\/v2\/product_brand?post=45626"},{"taxonomy":"product_cat","embeddable":true,"href":"https:\/\/travelsafe.nl\/es\/wp-json\/wp\/v2\/product_cat?post=45626"},{"taxonomy":"product_tag","embeddable":true,"href":"https:\/\/travelsafe.nl\/es\/wp-json\/wp\/v2\/product_tag?post=45626"}],"curies":[{"name":"wp","href":"https:\/\/api.w.org\/{rel}","templated":true}]}}