{"id":45667,"date":"2019-06-10T22:32:06","date_gmt":"2019-06-10T22:32:06","guid":{"rendered":"https:\/\/travelsafe.nl\/assortiment\/uncategorized\/sunprotect-50-200ml\/"},"modified":"2023-09-07T09:07:34","modified_gmt":"2023-09-07T09:07:34","slug":"sunprotect-50-200ml","status":"publish","type":"product","link":"https:\/\/travelsafe.nl\/es\/assortiment\/6-proteccion-solar-es\/sunprotect-50-200ml\/","title":{"rendered":"Sunprotect \u2013 Protector solar SPF 50 + AFTERSUN GRATIS"},"content":{"rendered":"<p>\u00a1Con la compra del Sunprotect SPF 50 te llevas Aftersun gratis!<\/p>\n<p>TravelSafe Sunprotect utiliza una nueva composici\u00f3n para proteger de forma \u00f3ptima la piel contra los efectos nocivos del sol. Los ingredientes especiales y cuidadosamente seleccionados forman una mezcla \u00fanica que ha sido ampliamente probada y cumple con la nueva directiva de la UE 2017\/232-238. La composici\u00f3n ofrece una protecci\u00f3n \u00f3ptima contra los da\u00f1inos rayos solares UVA\/UVB.<\/p>\n<p>Sunprotect est\u00e1 disponible con un factor de 30, pero tambi\u00e9n con un factor alto de 50. Este protector solar es repelente al agua y muy adecuado para todas las actividades al aire libre como el monta\u00f1ismo, el ciclismo, el senderismo o la nataci\u00f3n.<\/p>\n<p>Contenido: 200ml<br \/>\nSPF: \u00a0\u00a0\u00a0\u00a0\u00a0\u00a0\u00a0\u00a0 50 (para uso extremo con m\u00e1xima protecci\u00f3n)<br \/>\nTipo de piel: 1-2<\/p>\n","protected":false},"excerpt":{"rendered":"<p>\u00a1Con la compra del Sunprotect SPF 50 te llevas Aftersun gratis! TravelSafe Sunprotect utiliza una nueva composici\u00f3n para proteger de forma \u00f3ptima&hellip;<\/p>\n","protected":false},"featured_media":43162,"template":"","meta":{"_acf_changed":false},"product_brand":[],"product_cat":[3117],"product_tag":[],"class_list":{"0":"post-45667","1":"product","2":"type-product","3":"status-publish","4":"has-post-thumbnail","6":"product_cat-6-proteccion-solar-es","8":"first","9":"instock","10":"purchasable","11":"product-type-simple"},"acf":[],"_links":{"self":[{"href":"https:\/\/travelsafe.nl\/es\/wp-json\/wp\/v2\/product\/45667","targetHints":{"allow":["GET"]}}],"collection":[{"href":"https:\/\/travelsafe.nl\/es\/wp-json\/wp\/v2\/product"}],"about":[{"href":"https:\/\/travelsafe.nl\/es\/wp-json\/wp\/v2\/types\/product"}],"wp:featuredmedia":[{"embeddable":true,"href":"https:\/\/travelsafe.nl\/es\/wp-json\/wp\/v2\/media\/43162"}],"wp:attachment":[{"href":"https:\/\/travelsafe.nl\/es\/wp-json\/wp\/v2\/media?parent=45667"}],"wp:term":[{"taxonomy":"product_brand","embeddable":true,"href":"https:\/\/travelsafe.nl\/es\/wp-json\/wp\/v2\/product_brand?post=45667"},{"taxonomy":"product_cat","embeddable":true,"href":"https:\/\/travelsafe.nl\/es\/wp-json\/wp\/v2\/product_cat?post=45667"},{"taxonomy":"product_tag","embeddable":true,"href":"https:\/\/travelsafe.nl\/es\/wp-json\/wp\/v2\/product_tag?post=45667"}],"curies":[{"name":"wp","href":"https:\/\/api.w.org\/{rel}","templated":true}]}}