{"id":45669,"date":"2019-06-10T22:32:20","date_gmt":"2019-06-10T22:32:20","guid":{"rendered":"https:\/\/travelsafe.nl\/assortiment\/uncategorized\/tsa-reisslot-cijfer-en-kabel\/"},"modified":"2023-08-10T09:35:26","modified_gmt":"2023-08-10T09:35:26","slug":"tsa-reisslot-cijfer-en-kabel","status":"publish","type":"product","link":"https:\/\/travelsafe.nl\/es\/assortiment\/4-esenciales-de-viaje\/accesorios-de-viaje\/cerraduras-de-viaje\/tsa-reisslot-cijfer-en-kabel\/","title":{"rendered":"Cerradura de viaje con n\u00famero TSA con cable"},"content":{"rendered":"<p>Este candado Travel Sentry Approved (TSA) est\u00e1 especialmente dise\u00f1ado para que los inspectores de aduanas estadounidenses puedan abrir el equipaje y volver a cerrarlo despu\u00e9s de la inspecci\u00f3n mediante una &#8220;llave&#8221;. De esta manera, el equipaje y la maleta permanecen limpios e intactos y a\u00fan cerrados a los extra\u00f1os. Tambi\u00e9n puede ver cu\u00e1ndo se abri\u00f3 la cerradura.<\/p>\n<p>Peso: 55g<\/p>\n","protected":false},"excerpt":{"rendered":"<p>Este candado Travel Sentry Approved (TSA) est\u00e1 especialmente dise\u00f1ado para que los inspectores de aduanas estadounidenses puedan abrir el equipaje y volver&hellip;<\/p>\n","protected":false},"featured_media":43228,"template":"","meta":{"_acf_changed":false},"product_brand":[],"product_cat":[2686,2948,2952],"product_tag":[],"class_list":{"0":"post-45669","1":"product","2":"type-product","3":"status-publish","4":"has-post-thumbnail","6":"product_cat-4-esenciales-de-viaje","7":"product_cat-accesorios-de-viaje","8":"product_cat-cerraduras-de-viaje","10":"first","11":"instock","12":"purchasable","13":"product-type-simple"},"acf":[],"_links":{"self":[{"href":"https:\/\/travelsafe.nl\/es\/wp-json\/wp\/v2\/product\/45669","targetHints":{"allow":["GET"]}}],"collection":[{"href":"https:\/\/travelsafe.nl\/es\/wp-json\/wp\/v2\/product"}],"about":[{"href":"https:\/\/travelsafe.nl\/es\/wp-json\/wp\/v2\/types\/product"}],"wp:featuredmedia":[{"embeddable":true,"href":"https:\/\/travelsafe.nl\/es\/wp-json\/wp\/v2\/media\/43228"}],"wp:attachment":[{"href":"https:\/\/travelsafe.nl\/es\/wp-json\/wp\/v2\/media?parent=45669"}],"wp:term":[{"taxonomy":"product_brand","embeddable":true,"href":"https:\/\/travelsafe.nl\/es\/wp-json\/wp\/v2\/product_brand?post=45669"},{"taxonomy":"product_cat","embeddable":true,"href":"https:\/\/travelsafe.nl\/es\/wp-json\/wp\/v2\/product_cat?post=45669"},{"taxonomy":"product_tag","embeddable":true,"href":"https:\/\/travelsafe.nl\/es\/wp-json\/wp\/v2\/product_tag?post=45669"}],"curies":[{"name":"wp","href":"https:\/\/api.w.org\/{rel}","templated":true}]}}