{"id":45672,"date":"2019-06-10T22:53:40","date_gmt":"2019-06-10T22:53:40","guid":{"rendered":"https:\/\/travelsafe.nl\/assortiment\/uncategorized\/moneybelt-skin-waist-pouch-black\/"},"modified":"2023-08-10T09:37:54","modified_gmt":"2023-08-10T09:37:54","slug":"moneybelt-skin-waist-pouch-black","status":"publish","type":"product","link":"https:\/\/travelsafe.nl\/es\/assortiment\/4-esenciales-de-viaje\/bolsas-de-viaje\/cinturon-dinero\/poliester\/moneybelt-skin-waist-pouch-black\/","title":{"rendered":"Moneybelt &#8211; Ri\u00f1onera Skin &#8211; Negro"},"content":{"rendered":"<p>Elaborada ri\u00f1onera con organizador y varios bolsillos para documentos. El c\u00f3modo cintur\u00f3n lumbar ajustable el\u00e1stico (para evitar la flacidez) lo hace agradable para la piel. Todas las costuras y pespuntes tienen un acabado suave. La parte posterior est\u00e1 hecha de Coolmax\u00ae, que es c\u00f3modo para la piel y asegura que su piel tenga una regulaci\u00f3n \u00f3ptima de la humedad. Debajo de la cubierta: 2 bolsillos con cremallera, bolsillos para tarjetas de cr\u00e9dito y bolsillo deslizante adicional. Un bolsillo adicional con cremallera en la solapa.<\/p>\n<p>Tambi\u00e9n disponible en el color Beige (TS0353.0027).<\/p>\n<p>Dimensiones: 22 x 12 cm<br \/>\nPeso: 57g<br \/>\nMaterial: Poli\u00e9ster<br \/>\ncolor negro<\/p>\n","protected":false},"excerpt":{"rendered":"<p>Elaborada ri\u00f1onera con organizador y varios bolsillos para documentos. El c\u00f3modo cintur\u00f3n lumbar ajustable el\u00e1stico (para evitar la flacidez) lo hace agradable&hellip;<\/p>\n","protected":false},"featured_media":43259,"template":"","meta":{"_acf_changed":false},"product_brand":[],"product_cat":[2686,2955,2957],"product_tag":[],"class_list":{"0":"post-45672","1":"product","2":"type-product","3":"status-publish","4":"has-post-thumbnail","6":"product_cat-4-esenciales-de-viaje","7":"product_cat-cinturon-dinero","8":"product_cat-poliester","10":"first","11":"onbackorder","12":"purchasable","13":"product-type-simple"},"acf":[],"_links":{"self":[{"href":"https:\/\/travelsafe.nl\/es\/wp-json\/wp\/v2\/product\/45672","targetHints":{"allow":["GET"]}}],"collection":[{"href":"https:\/\/travelsafe.nl\/es\/wp-json\/wp\/v2\/product"}],"about":[{"href":"https:\/\/travelsafe.nl\/es\/wp-json\/wp\/v2\/types\/product"}],"wp:featuredmedia":[{"embeddable":true,"href":"https:\/\/travelsafe.nl\/es\/wp-json\/wp\/v2\/media\/43259"}],"wp:attachment":[{"href":"https:\/\/travelsafe.nl\/es\/wp-json\/wp\/v2\/media?parent=45672"}],"wp:term":[{"taxonomy":"product_brand","embeddable":true,"href":"https:\/\/travelsafe.nl\/es\/wp-json\/wp\/v2\/product_brand?post=45672"},{"taxonomy":"product_cat","embeddable":true,"href":"https:\/\/travelsafe.nl\/es\/wp-json\/wp\/v2\/product_cat?post=45672"},{"taxonomy":"product_tag","embeddable":true,"href":"https:\/\/travelsafe.nl\/es\/wp-json\/wp\/v2\/product_tag?post=45672"}],"curies":[{"name":"wp","href":"https:\/\/api.w.org\/{rel}","templated":true}]}}