{"id":45686,"date":"2019-06-10T22:31:53","date_gmt":"2019-06-10T22:31:53","guid":{"rendered":"https:\/\/travelsafe.nl\/assortiment\/uncategorized\/aftersun-200ml\/"},"modified":"2023-09-07T09:04:23","modified_gmt":"2023-09-07T09:04:23","slug":"aftersun-200ml","status":"publish","type":"product","link":"https:\/\/travelsafe.nl\/es\/assortiment\/6-proteccion-solar-es\/aftersun-200ml\/","title":{"rendered":"Aftersun &#8211; 200ml"},"content":{"rendered":"<p>Aftersun utiliza una nueva f\u00f3rmula que incluye aloe vera para restaurar el equilibrio de humedad en la piel despu\u00e9s de la exposici\u00f3n al sol. After sun hidrata la piel, restaurando el equilibrio de humedad. Tiene una funci\u00f3n refrescante, refresca y calma la piel.<\/p>\n<p>Contenido: 200ml<\/p>\n","protected":false},"excerpt":{"rendered":"<p>Aftersun utiliza una nueva f\u00f3rmula que incluye aloe vera para restaurar el equilibrio de humedad en la piel despu\u00e9s de la exposici\u00f3n&hellip;<\/p>\n","protected":false},"featured_media":43159,"template":"","meta":{"_acf_changed":false},"product_brand":[],"product_cat":[3117],"product_tag":[],"class_list":{"0":"post-45686","1":"product","2":"type-product","3":"status-publish","4":"has-post-thumbnail","6":"product_cat-6-proteccion-solar-es","8":"first","9":"instock","10":"purchasable","11":"product-type-simple"},"acf":[],"_links":{"self":[{"href":"https:\/\/travelsafe.nl\/es\/wp-json\/wp\/v2\/product\/45686","targetHints":{"allow":["GET"]}}],"collection":[{"href":"https:\/\/travelsafe.nl\/es\/wp-json\/wp\/v2\/product"}],"about":[{"href":"https:\/\/travelsafe.nl\/es\/wp-json\/wp\/v2\/types\/product"}],"wp:featuredmedia":[{"embeddable":true,"href":"https:\/\/travelsafe.nl\/es\/wp-json\/wp\/v2\/media\/43159"}],"wp:attachment":[{"href":"https:\/\/travelsafe.nl\/es\/wp-json\/wp\/v2\/media?parent=45686"}],"wp:term":[{"taxonomy":"product_brand","embeddable":true,"href":"https:\/\/travelsafe.nl\/es\/wp-json\/wp\/v2\/product_brand?post=45686"},{"taxonomy":"product_cat","embeddable":true,"href":"https:\/\/travelsafe.nl\/es\/wp-json\/wp\/v2\/product_cat?post=45686"},{"taxonomy":"product_tag","embeddable":true,"href":"https:\/\/travelsafe.nl\/es\/wp-json\/wp\/v2\/product_tag?post=45686"}],"curies":[{"name":"wp","href":"https:\/\/api.w.org\/{rel}","templated":true}]}}