{"id":45692,"date":"2019-06-10T22:31:44","date_gmt":"2019-06-10T22:31:44","guid":{"rendered":"https:\/\/travelsafe.nl\/assortiment\/uncategorized\/klamboe-cube-tropenproof-1-2-persoons\/"},"modified":"2023-12-21T12:19:10","modified_gmt":"2023-12-21T12:19:10","slug":"klamboe-cube-tropenproof-1-2-persoons","status":"publish","type":"product","link":"https:\/\/travelsafe.nl\/es\/assortiment\/mosquitero\/impregnado\/dos-personas\/klamboe-cube-tropenproof-1-2-persoons\/","title":{"rendered":"Mosquitera Cube &#8211; Impregnada &#8211; 2 plazas"},"content":{"rendered":"<p>Este nuevo modelo de mosquitera para 2 personas tiene un marco transversal especial para que la mosquitera se pueda utilizar como un modelo piramidal, pero con todas las ventajas de un modelo de caja con paredes inclinadas. Los palos de fibra de vidrio se pueden unir a la parte superior a trav\u00e9s de los bucles. Con el gancho de tornillo y la cuerda suministrados, la mosquitera se puede colgar como un modelo piramidal con el gancho central. Las paredes empinadas de un modelo de caja te ayudan a evitar tumbarte contra la red por la noche. El marco y la red se pueden plegar muy peque\u00f1os por lo que es ideal para una maleta o mochila.<\/p>\n<p>TravelSafe ofrece una gama completa de mosquiteros. TravelSafe tiene el mosquitero adecuado para cada categor\u00eda de viajero. Si vas al tr\u00f3pico, elige siempre la mosquitera Tropical. Si te alojas dentro de Europa, elige la mosquitera Basic y si viajas a Escandinavia o Escocia, elige la mosquitera Nordic con malla extrafina. Todas las redes TravelSafe cumplen con los m\u00e1s altos requisitos de calidad, est\u00e1n cerradas por todas partes, tienen una malla fina y algunos modelos tambi\u00e9n est\u00e1n equipados con una tira de sujeci\u00f3n extra resistente. El exclusivo sistema de codificaci\u00f3n por colores le facilita la elecci\u00f3n. Todos los mosquiteros empacados en fundas azules son los mosquiteros b\u00e1sicos que se pueden usar en Europa, los mosquiteros empacados en fundas verdes son de malla extra fina y lo protegen contra los insectos m\u00e1s peque\u00f1os como los mosquitos, peque\u00f1os t\u00e1banos, que se encuentran en Escandinavia\/Escocia. Las redes, empaquetadas en mangas naranjas, est\u00e1n especialmente dise\u00f1adas para su uso en los tr\u00f3picos.<\/p>\n<p>Dimensiones: Fondo 250&#215;250, superior 150x120cm, alto 250cm<br \/>\nPeso: 828g<br \/>\nMaterial: \u00a0 \u00a0Postes de poli\u00e9ster \/ fibra de vidrio<br \/>\nPersonas:\u00a0 \u00a0 2<br \/>\nDensidad: 225 agujeros\/pulgada\u00b2<\/p>\n","protected":false},"excerpt":{"rendered":"<p>Este nuevo modelo de mosquitera para 2 personas tiene un marco transversal especial para que la mosquitera se pueda utilizar como un&hellip;<\/p>\n","protected":false},"featured_media":43148,"template":"","meta":{"_acf_changed":false},"product_brand":[],"product_cat":[3098,2917,2915],"product_tag":[],"class_list":{"0":"post-45692","1":"product","2":"type-product","3":"status-publish","4":"has-post-thumbnail","6":"product_cat-dos-personas","7":"product_cat-impregnado","8":"product_cat-mosquitero","10":"first","11":"instock","12":"product-type-simple"},"acf":[],"_links":{"self":[{"href":"https:\/\/travelsafe.nl\/es\/wp-json\/wp\/v2\/product\/45692","targetHints":{"allow":["GET"]}}],"collection":[{"href":"https:\/\/travelsafe.nl\/es\/wp-json\/wp\/v2\/product"}],"about":[{"href":"https:\/\/travelsafe.nl\/es\/wp-json\/wp\/v2\/types\/product"}],"wp:featuredmedia":[{"embeddable":true,"href":"https:\/\/travelsafe.nl\/es\/wp-json\/wp\/v2\/media\/43148"}],"wp:attachment":[{"href":"https:\/\/travelsafe.nl\/es\/wp-json\/wp\/v2\/media?parent=45692"}],"wp:term":[{"taxonomy":"product_brand","embeddable":true,"href":"https:\/\/travelsafe.nl\/es\/wp-json\/wp\/v2\/product_brand?post=45692"},{"taxonomy":"product_cat","embeddable":true,"href":"https:\/\/travelsafe.nl\/es\/wp-json\/wp\/v2\/product_cat?post=45692"},{"taxonomy":"product_tag","embeddable":true,"href":"https:\/\/travelsafe.nl\/es\/wp-json\/wp\/v2\/product_tag?post=45692"}],"curies":[{"name":"wp","href":"https:\/\/api.w.org\/{rel}","templated":true}]}}