{"id":45699,"date":"2019-06-10T22:31:19","date_gmt":"2019-06-10T22:31:19","guid":{"rendered":"https:\/\/travelsafe.nl\/assortiment\/uncategorized\/deet-40-xl-spray-200-ml\/"},"modified":"2026-02-19T10:12:41","modified_gmt":"2026-02-19T10:12:41","slug":"deet-40-xl-spray-200-ml","status":"publish","type":"product","link":"https:\/\/travelsafe.nl\/es\/assortiment\/2-repelente-de-insectos\/repelente-de-insectos-es\/traveldeet-es\/deet-40-xl-spray-200-ml\/","title":{"rendered":"TravelDEET 40% XL &#8211; Spray 200ml"},"content":{"rendered":"<p>TravelDeet te protege contra mosquitos europeos y tropicales, t\u00e1banos, t\u00e1banos, \u00e1caros oto\u00f1ales, flebotomos y garrapatas. El ingrediente activo de TravelDeet es dietil-m-toluamida (DEET). TravelDeet est\u00e1 disponible en diferentes composiciones como spray con 40% y 50% DEET. Esto es extra potente para una protecci\u00f3n duradera de hasta 10 horas.<\/p>\n<p>El DEET 40% ahora tambi\u00e9n est\u00e1 disponible en una botella XL de 200 ml (TS0207). Esta botella es ideal para uso de toda la familia y\/o durante largas vacaciones.<\/p>\n<p>Los insectos pueden transmitir diversas enfermedades. Estos incluyen malaria, dengue (fiebre del dengue) y fiebre amarilla. Es importante protegerse contra las picaduras de insectos, tanto de d\u00eda como de noche, utilizando un producto antimosquitos, ropa protectora y mosquitera.<\/p>\n<p>Contenido: \u00a0\u00a0\u00a0\u00a0\u00a0\u00a0\u00a0\u00a0200 ml<br \/>\nIngrediente: 40% dietil-m-toluamida (DEET)<\/p>\n","protected":false},"excerpt":{"rendered":"<p>TravelDeet te protege contra mosquitos europeos y tropicales, t\u00e1banos, t\u00e1banos, \u00e1caros oto\u00f1ales, flebotomos y garrapatas. El ingrediente activo de TravelDeet es dietil-m-toluamida&hellip;<\/p>\n","protected":false},"featured_media":44257,"template":"","meta":{"_acf_changed":false},"product_brand":[],"product_cat":[2960,2961,2962],"product_tag":[],"class_list":{"0":"post-45699","1":"product","2":"type-product","3":"status-publish","4":"has-post-thumbnail","6":"product_cat-2-repelente-de-insectos","7":"product_cat-repelente-de-insectos-es","8":"product_cat-traveldeet-es","10":"first","11":"instock","12":"purchasable","13":"product-type-simple"},"acf":[],"_links":{"self":[{"href":"https:\/\/travelsafe.nl\/es\/wp-json\/wp\/v2\/product\/45699","targetHints":{"allow":["GET"]}}],"collection":[{"href":"https:\/\/travelsafe.nl\/es\/wp-json\/wp\/v2\/product"}],"about":[{"href":"https:\/\/travelsafe.nl\/es\/wp-json\/wp\/v2\/types\/product"}],"wp:featuredmedia":[{"embeddable":true,"href":"https:\/\/travelsafe.nl\/es\/wp-json\/wp\/v2\/media\/44257"}],"wp:attachment":[{"href":"https:\/\/travelsafe.nl\/es\/wp-json\/wp\/v2\/media?parent=45699"}],"wp:term":[{"taxonomy":"product_brand","embeddable":true,"href":"https:\/\/travelsafe.nl\/es\/wp-json\/wp\/v2\/product_brand?post=45699"},{"taxonomy":"product_cat","embeddable":true,"href":"https:\/\/travelsafe.nl\/es\/wp-json\/wp\/v2\/product_cat?post=45699"},{"taxonomy":"product_tag","embeddable":true,"href":"https:\/\/travelsafe.nl\/es\/wp-json\/wp\/v2\/product_tag?post=45699"}],"curies":[{"name":"wp","href":"https:\/\/api.w.org\/{rel}","templated":true}]}}