{"id":45701,"date":"2019-06-10T22:31:09","date_gmt":"2019-06-10T22:31:09","guid":{"rendered":"https:\/\/travelsafe.nl\/assortiment\/uncategorized\/bed-bug-sheet-1-persoons\/"},"modified":"2023-09-05T09:11:08","modified_gmt":"2023-09-05T09:11:08","slug":"bed-bug-sheet-1-persoons","status":"publish","type":"product","link":"https:\/\/travelsafe.nl\/es\/assortiment\/2-repelente-de-insectos\/otro-repelente-de-insectos\/bed-bug-sheet-1-persoons\/","title":{"rendered":"S\u00e1bana para chinches &#8211; 1 persona"},"content":{"rendered":"<p>Esta S\u00e1bana Antichinches de 220&#215;100 cm es ideal cuando te alojas en un apartamento, hotel u hostal. Siempre debes utilizar esta s\u00e1bana bajera debajo de tu saco de dormir o s\u00e1bana, nunca en contacto directo con tu piel. La s\u00e1bana para chinches ofrece protecci\u00f3n contra los \u00e1caros dom\u00e9sticos\/chinches y otros insectos que pican\/pican. Puede usar la s\u00e1bana para m\u00faltiples prop\u00f3sitos, como una s\u00e1bana debajo de su manta de picnic, pantalla para una ventana o reparaci\u00f3n de mosquiteros. El Bugsheet viene con una funda de almohada. Tama\u00f1o de la funda de almohada: 75 cm * 50 cm<\/p>\n<p>Advertencia: evite el contacto directo con la piel durante su uso. El producto no debe lavarse para garantizar una eficacia \u00f3ptima del producto y proteger el medio ambiente. Consejo: nunca ventile el Bugsheet a la luz del sol y gu\u00e1rdelo en un lugar fresco y oscuro, embalado en su embalaje original.<\/p>\n<p>TravelSafe ofrece una gama completa de mosquiteros. TravelSafe tiene el mosquitero adecuado para cada categor\u00eda de viajero. Si vas al tr\u00f3pico, elige siempre la mosquitera Tropical. Si te alojas dentro de Europa, elige la mosquitera Basic y si viajas a Escandinavia o Escocia, elige la mosquitera Nordic con malla extrafina. Todas las redes TravelSafe cumplen con los m\u00e1s altos requisitos de calidad, est\u00e1n cerradas por todas partes, tienen una malla fina y algunos modelos tambi\u00e9n est\u00e1n equipados con una tira de sujeci\u00f3n extra resistente. El exclusivo sistema de codificaci\u00f3n por colores le facilita la elecci\u00f3n. Todos los mosquiteros empacados en fundas azules son los mosquiteros b\u00e1sicos que se pueden usar en Europa, los mosquiteros empacados en fundas verdes son de malla extra fina y lo protegen contra los insectos m\u00e1s peque\u00f1os como los mosquitos, peque\u00f1os t\u00e1banos, que se encuentran en Escandinavia\/Escocia. Las redes, empaquetadas en mangas naranjas, est\u00e1n especialmente dise\u00f1adas para su uso en los tr\u00f3picos.<\/p>\n<p>Dimensiones: 220 x 100 cm<br \/>\nPeso: 200g<br \/>\nMaterial:\u00a0 \u00a0\u00a0 \u00a0Poli\u00e9ster \/ Malla<br \/>\nPersonas:\u00a0 \u00a0 \u00a0 1<br \/>\nDensidad: 225 agujeros \/ pulgada\u00b2<br \/>\nIncluye: \u00a0\u00a0\u00a0\u00a0\u00a0\u00a0\u00a01 funda de coj\u00edn<\/p>\n","protected":false},"excerpt":{"rendered":"<p>Esta S\u00e1bana Antichinches de 220&#215;100 cm es ideal cuando te alojas en un apartamento, hotel u hostal. Siempre debes utilizar esta s\u00e1bana&hellip;<\/p>\n","protected":false},"featured_media":43096,"template":"","meta":{"_acf_changed":false},"product_brand":[],"product_cat":[2960,2966],"product_tag":[],"class_list":{"0":"post-45701","1":"product","2":"type-product","3":"status-publish","4":"has-post-thumbnail","6":"product_cat-2-repelente-de-insectos","7":"product_cat-otro-repelente-de-insectos","9":"first","10":"instock","11":"purchasable","12":"product-type-simple"},"acf":[],"_links":{"self":[{"href":"https:\/\/travelsafe.nl\/es\/wp-json\/wp\/v2\/product\/45701","targetHints":{"allow":["GET"]}}],"collection":[{"href":"https:\/\/travelsafe.nl\/es\/wp-json\/wp\/v2\/product"}],"about":[{"href":"https:\/\/travelsafe.nl\/es\/wp-json\/wp\/v2\/types\/product"}],"wp:featuredmedia":[{"embeddable":true,"href":"https:\/\/travelsafe.nl\/es\/wp-json\/wp\/v2\/media\/43096"}],"wp:attachment":[{"href":"https:\/\/travelsafe.nl\/es\/wp-json\/wp\/v2\/media?parent=45701"}],"wp:term":[{"taxonomy":"product_brand","embeddable":true,"href":"https:\/\/travelsafe.nl\/es\/wp-json\/wp\/v2\/product_brand?post=45701"},{"taxonomy":"product_cat","embeddable":true,"href":"https:\/\/travelsafe.nl\/es\/wp-json\/wp\/v2\/product_cat?post=45701"},{"taxonomy":"product_tag","embeddable":true,"href":"https:\/\/travelsafe.nl\/es\/wp-json\/wp\/v2\/product_tag?post=45701"}],"curies":[{"name":"wp","href":"https:\/\/api.w.org\/{rel}","templated":true}]}}