{"id":45705,"date":"2019-06-10T22:30:49","date_gmt":"2019-06-10T22:30:49","guid":{"rendered":"https:\/\/travelsafe.nl\/assortiment\/uncategorized\/mountig-set-mosquitonet\/"},"modified":"2023-08-10T12:40:40","modified_gmt":"2023-08-10T12:40:40","slug":"mountig-set-mosquitonet","status":"publish","type":"product","link":"https:\/\/travelsafe.nl\/es\/assortiment\/mosquitero\/accesorios-para-mosquiteras\/mountig-set-mosquitonet\/","title":{"rendered":"Conjunto colgante de mosquitera"},"content":{"rendered":"<p>Con este juego de montaje, tiene a mano algunas herramientas adicionales para colgar su mosquitera en cualquier lugar. Adem\u00e1s, el contenido del conjunto se puede utilizar para m\u00faltiples prop\u00f3sitos y es indispensable en su equipo al aire libre. El contenido puntiagudo del juego est\u00e1 embalado en una caja con cerradura, para que no pueda causar da\u00f1os en su equipaje.<\/p>\n<p>Peso: 80g<br \/>\nContenido:<br \/>\n4x tensores de cuerda de sujeci\u00f3n (modelo triangular)<br \/>\n4x ventosas.<br \/>\n4x gancho de tornillo<br \/>\n8x pines grandes.<br \/>\n8x pines de seguridad.<br \/>\n1x cuerda de 20 m<br \/>\n1x bolsa de almacenamiento.<\/p>\n","protected":false},"excerpt":{"rendered":"<p>Con este juego de montaje, tiene a mano algunas herramientas adicionales para colgar su mosquitera en cualquier lugar. Adem\u00e1s, el contenido del&hellip;<\/p>\n","protected":false},"featured_media":43084,"template":"","meta":{"_acf_changed":false},"product_brand":[],"product_cat":[2922,2915],"product_tag":[],"class_list":{"0":"post-45705","1":"product","2":"type-product","3":"status-publish","4":"has-post-thumbnail","6":"product_cat-accesorios-para-mosquiteras","7":"product_cat-mosquitero","9":"first","10":"outofstock","11":"purchasable","12":"product-type-simple"},"acf":[],"_links":{"self":[{"href":"https:\/\/travelsafe.nl\/es\/wp-json\/wp\/v2\/product\/45705","targetHints":{"allow":["GET"]}}],"collection":[{"href":"https:\/\/travelsafe.nl\/es\/wp-json\/wp\/v2\/product"}],"about":[{"href":"https:\/\/travelsafe.nl\/es\/wp-json\/wp\/v2\/types\/product"}],"wp:featuredmedia":[{"embeddable":true,"href":"https:\/\/travelsafe.nl\/es\/wp-json\/wp\/v2\/media\/43084"}],"wp:attachment":[{"href":"https:\/\/travelsafe.nl\/es\/wp-json\/wp\/v2\/media?parent=45705"}],"wp:term":[{"taxonomy":"product_brand","embeddable":true,"href":"https:\/\/travelsafe.nl\/es\/wp-json\/wp\/v2\/product_brand?post=45705"},{"taxonomy":"product_cat","embeddable":true,"href":"https:\/\/travelsafe.nl\/es\/wp-json\/wp\/v2\/product_cat?post=45705"},{"taxonomy":"product_tag","embeddable":true,"href":"https:\/\/travelsafe.nl\/es\/wp-json\/wp\/v2\/product_tag?post=45705"}],"curies":[{"name":"wp","href":"https:\/\/api.w.org\/{rel}","templated":true}]}}