{"id":45707,"date":"2019-06-10T22:30:49","date_gmt":"2019-06-10T22:30:49","guid":{"rendered":"https:\/\/travelsafe.nl\/assortiment\/uncategorized\/mosquitonet-tent-pop-up\/"},"modified":"2023-08-10T12:42:27","modified_gmt":"2023-08-10T12:42:27","slug":"mosquitonet-tent-pop-up","status":"publish","type":"product","link":"https:\/\/travelsafe.nl\/es\/assortiment\/mosquitero\/basico\/eenpersoons-es\/mosquitonet-tent-pop-up\/","title":{"rendered":"Tienda mosquitera &#8211; Pop up &#8211; 1 persona"},"content":{"rendered":"<p>\u00bfViaja a un lugar donde no puede encontrar puntos de suspensi\u00f3n para su mosquitero o se queda al aire libre? Entonces esta carpa mosquitera desplegable es ideal para ti. La carpa mosquitera se despliega autom\u00e1ticamente al sacarla del embalaje, se sostiene sola y es muy c\u00f3moda. Gracias al innovador sistema emergente en ambos lados (tambi\u00e9n en el extremo de los pies), la &#8220;carpa&#8221; tiene una altura agradable y no se siente apretada. Para una mayor comodidad, tambi\u00e9n puede colocar esta carpa con mosquitera en una cama plegable (ver imagen).<\/p>\n<p>Dimensiones: 214 x 70 x 60 cm \u2013 \u00d8 45 cm<br \/>\nPlegado: 50 x 8 x 50 cm<br \/>\nPeso: 795g<br \/>\nMaterial: Poli\u00e9ster \/ Malla<br \/>\nPersonas:\u00a0 \u00a0 \u00a0 \u00a0 1<br \/>\nDensidad:\u00a0 \u00a0 \u00a0 1000 agujeros\/pulgada\u00b2<\/p>\n<p>Mire el video a continuaci\u00f3n para obtener una explicaci\u00f3n de c\u00f3mo plegar la carpa:<\/p>\n<div class=\"video-container\"><iframe loading=\"lazy\" title=\"TS0132 instruction | Mosquitonet tent\" width=\"500\" height=\"281\" src=\"https:\/\/www.youtube.com\/embed\/f3w5f6nQ8q0?feature=oembed\" frameborder=\"0\" allow=\"accelerometer; autoplay; clipboard-write; encrypted-media; gyroscope; picture-in-picture; web-share\" referrerpolicy=\"strict-origin-when-cross-origin\" allowfullscreen><\/iframe><\/div>\n","protected":false},"excerpt":{"rendered":"<p>\u00bfViaja a un lugar donde no puede encontrar puntos de suspensi\u00f3n para su mosquitero o se queda al aire libre? Entonces esta&hellip;<\/p>\n","protected":false},"featured_media":43094,"template":"","meta":{"_acf_changed":false},"product_brand":[],"product_cat":[2916,2915,4069],"product_tag":[],"class_list":{"0":"post-45707","1":"product","2":"type-product","3":"status-publish","4":"has-post-thumbnail","6":"product_cat-basico","7":"product_cat-mosquitero","8":"product_cat-eenpersoons-es","10":"first","11":"instock","12":"purchasable","13":"product-type-simple"},"acf":[],"_links":{"self":[{"href":"https:\/\/travelsafe.nl\/es\/wp-json\/wp\/v2\/product\/45707","targetHints":{"allow":["GET"]}}],"collection":[{"href":"https:\/\/travelsafe.nl\/es\/wp-json\/wp\/v2\/product"}],"about":[{"href":"https:\/\/travelsafe.nl\/es\/wp-json\/wp\/v2\/types\/product"}],"wp:featuredmedia":[{"embeddable":true,"href":"https:\/\/travelsafe.nl\/es\/wp-json\/wp\/v2\/media\/43094"}],"wp:attachment":[{"href":"https:\/\/travelsafe.nl\/es\/wp-json\/wp\/v2\/media?parent=45707"}],"wp:term":[{"taxonomy":"product_brand","embeddable":true,"href":"https:\/\/travelsafe.nl\/es\/wp-json\/wp\/v2\/product_brand?post=45707"},{"taxonomy":"product_cat","embeddable":true,"href":"https:\/\/travelsafe.nl\/es\/wp-json\/wp\/v2\/product_cat?post=45707"},{"taxonomy":"product_tag","embeddable":true,"href":"https:\/\/travelsafe.nl\/es\/wp-json\/wp\/v2\/product_tag?post=45707"}],"curies":[{"name":"wp","href":"https:\/\/api.w.org\/{rel}","templated":true}]}}