{"id":45709,"date":"2019-06-10T22:30:41","date_gmt":"2019-06-10T22:30:41","guid":{"rendered":"https:\/\/travelsafe.nl\/assortiment\/uncategorized\/mosquitonet-pop-out-pyramide-tropenproof-2-persoons\/"},"modified":"2023-08-10T12:44:25","modified_gmt":"2023-08-10T12:44:25","slug":"mosquitonet-pop-out-pyramide-tropenproof-2-persoons","status":"publish","type":"product","link":"https:\/\/travelsafe.nl\/es\/assortiment\/mosquitero\/impregnado\/dos-personas\/mosquitonet-pop-out-pyramide-tropenproof-2-persoons\/","title":{"rendered":"TravelSafe Mosquitera &#8211; Pop Out &#8211; Pir\u00e1mide &#8211; Impregnada &#8211; 2 personas"},"content":{"rendered":"<p>Esta mosquitera TravelSafe es apta para 2 personas y se adapta a casi todas las camas dobles e incluso camas extra grandes y ha sido especialmente desarrollada para aquellos que quieren viajar ligeros y compactos, como viajeros con mochila, viajeros del mundo, etc. La mosquitera contiene un anillo que se abre cuando lo sacas del empaque. Este modelo de pir\u00e1mide es muy f\u00e1cil de colgar gracias a la cuerda y los ganchos de montaje suministrados. Cuando desee volver a guardar el mosquitero, el anillo se puede plegar f\u00e1cilmente en un peque\u00f1o paquete con un simple movimiento. Este mosquitero impregnado es muy adecuado para pa\u00edses con mayor riesgo de malaria, dengue, etc., pero tambi\u00e9n es muy resistente a los peque\u00f1os mosquitos (Escandinavia).<\/p>\n<p>Mosquiteras impregnadas certificadas UE. Los mosquiteros impregnados TravelSafe ofrecen una protecci\u00f3n \u00f3ptima contra los mosquitos (malaria) y otros insectos que pican. Las mosquiteras est\u00e1n fabricadas seg\u00fan las directrices de la OMS y certificadas por las autoridades de la UE, solo esto garantiza el funcionamiento y la eficacia de la mosquitera.<\/p>\n<p>TravelSafe ofrece una gama completa de mosquiteros. TravelSafe tiene el mosquitero adecuado para cada categor\u00eda de viajero. Si vas al tr\u00f3pico, elige siempre la mosquitera impregnada. Si te alojas dentro de Europa, elige la mosquitera Basic y si viajas a Escandinavia o Escocia, elige la mosquitera Nordic con malla extrafina. Todas las redes TravelSafe cumplen con los m\u00e1s altos requisitos de calidad, est\u00e1n cerradas por todas partes, tienen una malla fina y algunos modelos tambi\u00e9n est\u00e1n equipados con una tira de sujeci\u00f3n extra resistente. El exclusivo sistema de codificaci\u00f3n por colores le facilita la elecci\u00f3n. Todos los mosquiteros empacados en fundas azules son los mosquiteros b\u00e1sicos que se pueden usar en Europa, los mosquiteros empacados en fundas verdes son de malla extra fina y lo protegen contra los insectos m\u00e1s peque\u00f1os como los mosquitos, peque\u00f1os t\u00e1banos, que se encuentran en Escandinavia\/Escocia. Las redes, empaquetadas en mangas naranjas, est\u00e1n especialmente dise\u00f1adas para su uso en los tr\u00f3picos.<\/p>\n<p>Dimensiones: \u00d8 1050 x 280 cm<br \/>\nPeso: 750g<br \/>\nMaterial: Poli\u00e9ster \/ Malla<br \/>\nPersonas: 2<br \/>\nDensidad: 225 agujeros\/pulgada\u00b2<\/p>\n","protected":false},"excerpt":{"rendered":"<p>Esta mosquitera TravelSafe es apta para 2 personas y se adapta a casi todas las camas dobles e incluso camas extra grandes&hellip;<\/p>\n","protected":false},"featured_media":45022,"template":"","meta":{"_acf_changed":false},"product_brand":[],"product_cat":[3098,2917,2915],"product_tag":[],"class_list":{"0":"post-45709","1":"product","2":"type-product","3":"status-publish","4":"has-post-thumbnail","6":"product_cat-dos-personas","7":"product_cat-impregnado","8":"product_cat-mosquitero","10":"first","11":"instock","12":"purchasable","13":"product-type-simple"},"acf":[],"_links":{"self":[{"href":"https:\/\/travelsafe.nl\/es\/wp-json\/wp\/v2\/product\/45709","targetHints":{"allow":["GET"]}}],"collection":[{"href":"https:\/\/travelsafe.nl\/es\/wp-json\/wp\/v2\/product"}],"about":[{"href":"https:\/\/travelsafe.nl\/es\/wp-json\/wp\/v2\/types\/product"}],"wp:featuredmedia":[{"embeddable":true,"href":"https:\/\/travelsafe.nl\/es\/wp-json\/wp\/v2\/media\/45022"}],"wp:attachment":[{"href":"https:\/\/travelsafe.nl\/es\/wp-json\/wp\/v2\/media?parent=45709"}],"wp:term":[{"taxonomy":"product_brand","embeddable":true,"href":"https:\/\/travelsafe.nl\/es\/wp-json\/wp\/v2\/product_brand?post=45709"},{"taxonomy":"product_cat","embeddable":true,"href":"https:\/\/travelsafe.nl\/es\/wp-json\/wp\/v2\/product_cat?post=45709"},{"taxonomy":"product_tag","embeddable":true,"href":"https:\/\/travelsafe.nl\/es\/wp-json\/wp\/v2\/product_tag?post=45709"}],"curies":[{"name":"wp","href":"https:\/\/api.w.org\/{rel}","templated":true}]}}