{"id":45713,"date":"2019-06-10T22:30:33","date_gmt":"2019-06-10T22:30:33","guid":{"rendered":"https:\/\/travelsafe.nl\/assortiment\/uncategorized\/mosquitonet-wilderness-tropenproof-1-persoons\/"},"modified":"2023-08-10T12:48:00","modified_gmt":"2023-08-10T12:48:00","slug":"mosquitonet-wilderness-tropenproof-1-persoons","status":"publish","type":"product","link":"https:\/\/travelsafe.nl\/es\/assortiment\/mosquitero\/impregnado\/eenpersoons-tropic-es\/mosquitonet-wilderness-tropenproof-1-persoons\/","title":{"rendered":"TravelSafe Mosquitera Wilderness &#8211; Impregnada \u2013 1 persona"},"content":{"rendered":"<p>Este modelo de mosquitera est\u00e1 hecho especialmente para aquellos a los que les gusta pasar la noche al aire libre. Debido a su forma triangular, esta mosquitera es f\u00e1cil de sujetar a un \u00e1rbol, autom\u00f3vil o pared. La mosquitera es de tama\u00f1o peque\u00f1o, por lo que es peque\u00f1a y compacta para llevar contigo. Esta mosquitera tambi\u00e9n est\u00e1 impregnada y, por lo tanto, es adecuada para cuando viajas a pa\u00edses de alto riesgo.<\/p>\n<p>Mosquiteras impregnadas certificadas UE. Los mosquiteros impregnados TravelSafe ofrecen una protecci\u00f3n \u00f3ptima contra los mosquitos (malaria) y otros insectos que pican. Las mosquiteras est\u00e1n fabricadas seg\u00fan las directrices de la OMS y certificadas por las autoridades de la UE, solo esto garantiza el funcionamiento y la eficacia de la mosquitera.<\/p>\n<p>TravelSafe ofrece una gama completa de mosquiteros. TravelSafe tiene el mosquitero adecuado para cada categor\u00eda de viajero. Si vas al tr\u00f3pico, elige siempre la mosquitera impregnada. Si te alojas dentro de Europa, elige la mosquitera Basic y si viajas a Escandinavia o Escocia, elige la mosquitera Nordic con malla extrafina. Todas las redes TravelSafe cumplen con los m\u00e1s altos requisitos de calidad, est\u00e1n cerradas por todas partes, tienen una malla fina y algunos modelos tambi\u00e9n est\u00e1n equipados con una tira de sujeci\u00f3n extra resistente. El exclusivo sistema de codificaci\u00f3n por colores le facilita la elecci\u00f3n. Todos los mosquiteros empacados en fundas azules son los mosquiteros b\u00e1sicos que se pueden usar en Europa, los mosquiteros empacados en fundas verdes son de malla extra fina y lo protegen contra los insectos m\u00e1s peque\u00f1os como los mosquitos, peque\u00f1os t\u00e1banos, que se encuentran en Escandinavia\/Escocia. Las redes, empaquetadas en mangas naranjas, est\u00e1n especialmente dise\u00f1adas para su uso en los tr\u00f3picos.<\/p>\n<p>Dimensiones: 200 x 100 x 145 cm<br \/>\nPeso: 215g<br \/>\nMaterial: Poli\u00e9ster \/ Malla<br \/>\nPersonas: 1<br \/>\nDensidad: 225 agujeros\/pulgada\u00b2<br \/>\nDimensiones embalado: 14 x 20 x 6 cm<\/p>\n","protected":false},"excerpt":{"rendered":"<p>Este modelo de mosquitera est\u00e1 hecho especialmente para aquellos a los que les gusta pasar la noche al aire libre. Debido a&hellip;<\/p>\n","protected":false},"featured_media":44987,"template":"","meta":{"_acf_changed":false},"product_brand":[],"product_cat":[2915,2917,4044],"product_tag":[],"class_list":{"0":"post-45713","1":"product","2":"type-product","3":"status-publish","4":"has-post-thumbnail","6":"product_cat-mosquitero","7":"product_cat-impregnado","8":"product_cat-eenpersoons-tropic-es","10":"first","11":"instock","12":"purchasable","13":"product-type-simple"},"acf":[],"_links":{"self":[{"href":"https:\/\/travelsafe.nl\/es\/wp-json\/wp\/v2\/product\/45713","targetHints":{"allow":["GET"]}}],"collection":[{"href":"https:\/\/travelsafe.nl\/es\/wp-json\/wp\/v2\/product"}],"about":[{"href":"https:\/\/travelsafe.nl\/es\/wp-json\/wp\/v2\/types\/product"}],"wp:featuredmedia":[{"embeddable":true,"href":"https:\/\/travelsafe.nl\/es\/wp-json\/wp\/v2\/media\/44987"}],"wp:attachment":[{"href":"https:\/\/travelsafe.nl\/es\/wp-json\/wp\/v2\/media?parent=45713"}],"wp:term":[{"taxonomy":"product_brand","embeddable":true,"href":"https:\/\/travelsafe.nl\/es\/wp-json\/wp\/v2\/product_brand?post=45713"},{"taxonomy":"product_cat","embeddable":true,"href":"https:\/\/travelsafe.nl\/es\/wp-json\/wp\/v2\/product_cat?post=45713"},{"taxonomy":"product_tag","embeddable":true,"href":"https:\/\/travelsafe.nl\/es\/wp-json\/wp\/v2\/product_tag?post=45713"}],"curies":[{"name":"wp","href":"https:\/\/api.w.org\/{rel}","templated":true}]}}