{"id":45716,"date":"2019-06-10T22:30:33","date_gmt":"2019-06-10T22:30:33","guid":{"rendered":"https:\/\/travelsafe.nl\/assortiment\/uncategorized\/mosquitonet-multistyle-tropenproof-1-persoons\/"},"modified":"2023-08-10T12:49:55","modified_gmt":"2023-08-10T12:49:55","slug":"mosquitonet-multistyle-tropenproof-1-persoons","status":"publish","type":"product","link":"https:\/\/travelsafe.nl\/es\/assortiment\/mosquitero\/impregnado\/eenpersoons-tropic-es\/mosquitonet-multistyle-tropenproof-1-persoons\/","title":{"rendered":"Travelsafe Mosquitera &#8211; Multi Style &#8211; Impregnada &#8211; 1 persona"},"content":{"rendered":"<p>Esta mosquitera multifuncional para 1 persona de TravelSafe est\u00e1 hecha para el viajero que no sabe de antemano d\u00f3nde y c\u00f3mo dormir\u00e1. La mosquitera est\u00e1 provista de una tira de refuerzo en la parte inferior para poder colocarla correctamente debajo de la colchoneta o colch\u00f3n. Debido a los diversos puntos de suspensi\u00f3n, puede colgar la mosquitera de 3 maneras diferentes con los ganchos de suspensi\u00f3n y la cuerda suministrados. Este mosquitero est\u00e1 impregnado, es liviano y tiene un tama\u00f1o de paquete muy peque\u00f1o, lo que lo hace ideal para pa\u00edses con mayor riesgo de malaria y dengue.<\/p>\n<p>Mosquiteras impregnadas certificadas UE. Los mosquiteros impregnados TravelSafe ofrecen una protecci\u00f3n \u00f3ptima contra los mosquitos (malaria) y otros insectos que pican. Las mosquiteras est\u00e1n fabricadas seg\u00fan las directrices de la OMS y certificadas por las autoridades de la UE, solo esto garantiza el funcionamiento y la eficacia de la mosquitera.<\/p>\n<p>TravelSafe ofrece una gama completa de mosquiteros. TravelSafe tiene el mosquitero adecuado para cada categor\u00eda de viajero. Si vas al tr\u00f3pico, elige siempre la mosquitera Tropical. Si te alojas dentro de Europa, elige la mosquitera Basic y si viajas a Escandinavia o Escocia, elige la mosquitera Nordic con malla extrafina. Todas las redes TravelSafe cumplen con los m\u00e1s altos requisitos de calidad, est\u00e1n cerradas por todas partes, tienen una malla fina y algunos modelos tambi\u00e9n est\u00e1n equipados con una tira de sujeci\u00f3n extra resistente. El exclusivo sistema de codificaci\u00f3n por colores le facilita la elecci\u00f3n. Todos los mosquiteros empacados en fundas azules son los mosquiteros b\u00e1sicos que se pueden usar en Europa, los mosquiteros empacados en fundas verdes son de malla extra fina y lo protegen contra los insectos m\u00e1s peque\u00f1os como los mosquitos, peque\u00f1os t\u00e1banos, que se encuentran en Escandinavia\/Escocia. Las redes, empaquetadas en mangas naranjas, est\u00e1n especialmente dise\u00f1adas para su uso en los tr\u00f3picos.<\/p>\n<p>Dimensiones: 225 x 120 x 150 cm<br \/>\nPeso: 395g<br \/>\nMaterial:\u00a0poli\u00e9ster\/malla<br \/>\nPersonas: 1<br \/>\nDensidad: 225 agujeros\/pulgada\u00b2<br \/>\nTama\u00f1o embalado: 16 x 22 x 7 cm<\/p>\n","protected":false},"excerpt":{"rendered":"<p>Esta mosquitera multifuncional para 1 persona de TravelSafe est\u00e1 hecha para el viajero que no sabe de antemano d\u00f3nde y c\u00f3mo dormir\u00e1.&hellip;<\/p>\n","protected":false},"featured_media":44997,"template":"","meta":{"_acf_changed":false},"product_brand":[],"product_cat":[4044,2917,2915],"product_tag":[],"class_list":{"0":"post-45716","1":"product","2":"type-product","3":"status-publish","4":"has-post-thumbnail","6":"product_cat-eenpersoons-tropic-es","7":"product_cat-impregnado","8":"product_cat-mosquitero","10":"first","11":"instock","12":"purchasable","13":"product-type-simple"},"acf":[],"_links":{"self":[{"href":"https:\/\/travelsafe.nl\/es\/wp-json\/wp\/v2\/product\/45716","targetHints":{"allow":["GET"]}}],"collection":[{"href":"https:\/\/travelsafe.nl\/es\/wp-json\/wp\/v2\/product"}],"about":[{"href":"https:\/\/travelsafe.nl\/es\/wp-json\/wp\/v2\/types\/product"}],"wp:featuredmedia":[{"embeddable":true,"href":"https:\/\/travelsafe.nl\/es\/wp-json\/wp\/v2\/media\/44997"}],"wp:attachment":[{"href":"https:\/\/travelsafe.nl\/es\/wp-json\/wp\/v2\/media?parent=45716"}],"wp:term":[{"taxonomy":"product_brand","embeddable":true,"href":"https:\/\/travelsafe.nl\/es\/wp-json\/wp\/v2\/product_brand?post=45716"},{"taxonomy":"product_cat","embeddable":true,"href":"https:\/\/travelsafe.nl\/es\/wp-json\/wp\/v2\/product_cat?post=45716"},{"taxonomy":"product_tag","embeddable":true,"href":"https:\/\/travelsafe.nl\/es\/wp-json\/wp\/v2\/product_tag?post=45716"}],"curies":[{"name":"wp","href":"https:\/\/api.w.org\/{rel}","templated":true}]}}