{"id":45718,"date":"2019-06-10T22:30:33","date_gmt":"2019-06-10T22:30:33","guid":{"rendered":"https:\/\/travelsafe.nl\/assortiment\/uncategorized\/cocoon-driehoeks-klamboe-1-persoons\/"},"modified":"2023-08-10T12:52:21","modified_gmt":"2023-08-10T12:52:21","slug":"cocoon-driehoeks-klamboe-1-persoons","status":"publish","type":"product","link":"https:\/\/travelsafe.nl\/es\/assortiment\/mosquitero\/impregnado\/eenpersoons-tropic-es\/cocoon-driehoeks-klamboe-1-persoons\/","title":{"rendered":"TravelSafe Cocoon &#8211; Mosquitera triangular &#8211; Impregnada &#8211; 1 persona"},"content":{"rendered":"<p>Esta mosquitera est\u00e1 completamente cerrada por todas partes y le ofrece una protecci\u00f3n completa. La parte inferior est\u00e1 equipada con una s\u00e1bana anti-insectos, que te protege de los insectos del suelo o del colch\u00f3n. Las paredes de una malla fina y equipada con una cremallera de entrada. El Cocoon se puede montar en cualquier lugar con el kit de suspensi\u00f3n suministrado, p. en un \u00e1rbol, coche o pared. Volumen de embalaje peque\u00f1o e ideal para el viajero ligero que quiere pasar la noche al aire libre, en un albergue o en un hotel. \u00bfViaja a un destino tropical o subtropical y desea una protecci\u00f3n total para interiores o exteriores? \u00a1Entonces el Cocoon es la mejor opci\u00f3n!<\/p>\n<p>Mosquiteras impregnadas certificadas UE. Los mosquiteros impregnados TravelSafe ofrecen una protecci\u00f3n \u00f3ptima contra los mosquitos (malaria) y otros insectos que pican. Las mosquiteras est\u00e1n fabricadas seg\u00fan directrices de la OMS y certificadas por las autoridades de la UE, solo esto garantiza el funcionamiento y eficacia de la mosquitera.<\/p>\n<p>TravelSafe ofrece una gama completa de mosquiteros. TravelSafe tiene el mosquitero adecuado para cada categor\u00eda de viajero. Si vas al tr\u00f3pico, elige siempre la mosquitera Tropical. Si te alojas dentro de Europa, elige la mosquitera Basic y si viajas a Escandinavia o Escocia, elige la mosquitera Nordic de malla extrafina. Todas las redes TravelSafe cumplen con los m\u00e1s altos requisitos de calidad, est\u00e1n cerradas por todos lados, tienen un tama\u00f1o de malla fina y algunos modelos tambi\u00e9n tienen una tira plegable extra fuerte. El exclusivo sistema de codificaci\u00f3n por colores te facilita la elecci\u00f3n. Todas las redes empacadas en fundas azules son las redes b\u00e1sicas que se pueden usar en Europa, las mosquiteras empacadas en fundas verdes son de malla extra fina y lo protegen contra insectos m\u00e1s peque\u00f1os como mosquitos y t\u00e1banos que se encuentran en Escandinavia\/Escocia. Las redes, empaquetadas en mangas naranjas, est\u00e1n especialmente dise\u00f1adas para su uso en los tr\u00f3picos.<\/p>\n<p>Dimensiones: 200 x 100 x 145 cm<br \/>\nPeso: 475g<br \/>\nMaterial: Poli\u00e9ster \/ Malla<br \/>\nPersonas: 1<br \/>\nDensidad: 225 agujeros\/pulgada\u00b2<br \/>\nTama\u00f1o embalado: 16 x 25 x 7 cm<\/p>\n","protected":false},"excerpt":{"rendered":"<p>Esta mosquitera est\u00e1 completamente cerrada por todas partes y le ofrece una protecci\u00f3n completa. La parte inferior est\u00e1 equipada con una s\u00e1bana&hellip;<\/p>\n","protected":false},"featured_media":45007,"template":"","meta":{"_acf_changed":false},"product_brand":[],"product_cat":[4044,2917,2915],"product_tag":[],"class_list":{"0":"post-45718","1":"product","2":"type-product","3":"status-publish","4":"has-post-thumbnail","6":"product_cat-eenpersoons-tropic-es","7":"product_cat-impregnado","8":"product_cat-mosquitero","10":"first","11":"instock","12":"purchasable","13":"product-type-simple"},"acf":[],"_links":{"self":[{"href":"https:\/\/travelsafe.nl\/es\/wp-json\/wp\/v2\/product\/45718","targetHints":{"allow":["GET"]}}],"collection":[{"href":"https:\/\/travelsafe.nl\/es\/wp-json\/wp\/v2\/product"}],"about":[{"href":"https:\/\/travelsafe.nl\/es\/wp-json\/wp\/v2\/types\/product"}],"wp:featuredmedia":[{"embeddable":true,"href":"https:\/\/travelsafe.nl\/es\/wp-json\/wp\/v2\/media\/45007"}],"wp:attachment":[{"href":"https:\/\/travelsafe.nl\/es\/wp-json\/wp\/v2\/media?parent=45718"}],"wp:term":[{"taxonomy":"product_brand","embeddable":true,"href":"https:\/\/travelsafe.nl\/es\/wp-json\/wp\/v2\/product_brand?post=45718"},{"taxonomy":"product_cat","embeddable":true,"href":"https:\/\/travelsafe.nl\/es\/wp-json\/wp\/v2\/product_cat?post=45718"},{"taxonomy":"product_tag","embeddable":true,"href":"https:\/\/travelsafe.nl\/es\/wp-json\/wp\/v2\/product_tag?post=45718"}],"curies":[{"name":"wp","href":"https:\/\/api.w.org\/{rel}","templated":true}]}}