{"id":45720,"date":"2019-06-10T22:30:24","date_gmt":"2019-06-10T22:30:24","guid":{"rendered":"https:\/\/travelsafe.nl\/assortiment\/uncategorized\/mosquitonet-boxstyle-tropenproof-2-persoons\/"},"modified":"2023-08-10T13:00:19","modified_gmt":"2023-08-10T13:00:19","slug":"mosquitonet-boxstyle-tropenproof-2-persoons","status":"publish","type":"product","link":"https:\/\/travelsafe.nl\/es\/assortiment\/mosquitero\/impregnado\/dos-personas\/mosquitonet-boxstyle-tropenproof-2-persoons\/","title":{"rendered":"Mosquitera &#8211; Impregnado &#8211; 2 personas"},"content":{"rendered":"<p>Esta mosquitera anti-tropical rectangular para 2 personas (modelo Box), se suministra con funda y sistema de suspensi\u00f3n (compuesto por gancho de rosca y cuerda). Debido a los m\u00faltiples puntos de suspensi\u00f3n, este modelo cuelga muy bien sobre la cama y se usa a menudo cuando te quedas en alg\u00fan lugar por un per\u00edodo m\u00e1s largo. Por ejemplo, en el camping, en casa o en el extranjero durante un per\u00edodo de tiempo m\u00e1s largo. Este mosquitero es adecuado para viajar en los tr\u00f3picos y tiene una densidad de malla de: 225 agujeros por pulgada.<\/p>\n<p>TravelSafe ofrece una gama completa de mosquiteros. TravelSafe tiene el mosquitero adecuado para cada categor\u00eda de viajero. Si vas al tr\u00f3pico, elige siempre la mosquitera Tropical. Si te alojas dentro de Europa, elige la mosquitera Basic y si viajas a Escandinavia o Escocia, elige la mosquitera Nordic con malla extrafina. Todas las redes TravelSafe cumplen con los m\u00e1s altos requisitos de calidad, est\u00e1n cerradas por todas partes, tienen una malla fina y algunos modelos tambi\u00e9n est\u00e1n equipados con una tira de sujeci\u00f3n extra resistente. El exclusivo sistema de codificaci\u00f3n por colores le facilita la elecci\u00f3n. Todos los mosquiteros empacados en fundas azules son los mosquiteros b\u00e1sicos que se pueden usar en Europa, los mosquiteros empacados en fundas verdes son de malla extra fina y lo protegen contra los insectos m\u00e1s peque\u00f1os como los mosquitos, peque\u00f1os t\u00e1banos, que se encuentran en Escandinavia\/Escocia. Las redes, empaquetadas en mangas naranjas, est\u00e1n especialmente dise\u00f1adas para su uso en los tr\u00f3picos.<\/p>\n<p>Dimensiones: 220 x 200 x 200 cm<br \/>\nPeso: 1000g<br \/>\nMaterial: Poli\u00e9ster \/ Malla<br \/>\nPersonas:\u00a0 \u00a0 2<br \/>\nDensidad: 225 agujeros\/pulgada\u00b2<\/p>\n","protected":false},"excerpt":{"rendered":"<p>Esta mosquitera anti-tropical rectangular para 2 personas (modelo Box), se suministra con funda y sistema de suspensi\u00f3n (compuesto por gancho de rosca&hellip;<\/p>\n","protected":false},"featured_media":43032,"template":"","meta":{"_acf_changed":false},"product_brand":[],"product_cat":[3098,2917,2915],"product_tag":[],"class_list":{"0":"post-45720","1":"product","2":"type-product","3":"status-publish","4":"has-post-thumbnail","6":"product_cat-dos-personas","7":"product_cat-impregnado","8":"product_cat-mosquitero","10":"first","11":"instock","12":"purchasable","13":"product-type-simple"},"acf":[],"_links":{"self":[{"href":"https:\/\/travelsafe.nl\/es\/wp-json\/wp\/v2\/product\/45720","targetHints":{"allow":["GET"]}}],"collection":[{"href":"https:\/\/travelsafe.nl\/es\/wp-json\/wp\/v2\/product"}],"about":[{"href":"https:\/\/travelsafe.nl\/es\/wp-json\/wp\/v2\/types\/product"}],"wp:featuredmedia":[{"embeddable":true,"href":"https:\/\/travelsafe.nl\/es\/wp-json\/wp\/v2\/media\/43032"}],"wp:attachment":[{"href":"https:\/\/travelsafe.nl\/es\/wp-json\/wp\/v2\/media?parent=45720"}],"wp:term":[{"taxonomy":"product_brand","embeddable":true,"href":"https:\/\/travelsafe.nl\/es\/wp-json\/wp\/v2\/product_brand?post=45720"},{"taxonomy":"product_cat","embeddable":true,"href":"https:\/\/travelsafe.nl\/es\/wp-json\/wp\/v2\/product_cat?post=45720"},{"taxonomy":"product_tag","embeddable":true,"href":"https:\/\/travelsafe.nl\/es\/wp-json\/wp\/v2\/product_tag?post=45720"}],"curies":[{"name":"wp","href":"https:\/\/api.w.org\/{rel}","templated":true}]}}