{"id":45733,"date":"2019-06-10T22:58:15","date_gmt":"2019-06-10T22:58:15","guid":{"rendered":"https:\/\/travelsafe.nl\/assortiment\/uncategorized\/travel-pillow-kids-with-cap-2\/"},"modified":"2023-08-10T14:26:54","modified_gmt":"2023-08-10T14:26:54","slug":"travel-pillow-kids-with-cap-2","status":"publish","type":"product","link":"https:\/\/travelsafe.nl\/es\/assortiment\/4-esenciales-de-viaje\/accesorios-de-viaje\/almohada-de-cuello\/travel-pillow-kids-with-cap-2\/","title":{"rendered":"Almohada de viaje ni\u00f1os con gorro"},"content":{"rendered":"<p>Nueva almohada cervical especial para ni\u00f1os. La sudadera con capucha cubre la cabeza y proporciona un ambiente tranquilo y c\u00f3modo para el ni\u00f1o. La espuma de PP se forma<br \/>\nperfectamente al cuello.<\/p>\n","protected":false},"excerpt":{"rendered":"<p>Nueva almohada cervical especial para ni\u00f1os. La sudadera con capucha cubre la cabeza y proporciona un ambiente tranquilo y c\u00f3modo para el&hellip;<\/p>\n","protected":false},"featured_media":43686,"template":"","meta":{"_acf_changed":false},"product_brand":[],"product_cat":[2686,2948,2950],"product_tag":[],"class_list":{"0":"post-45733","1":"product","2":"type-product","3":"status-publish","4":"has-post-thumbnail","6":"product_cat-4-esenciales-de-viaje","7":"product_cat-accesorios-de-viaje","8":"product_cat-almohada-de-cuello","10":"first","11":"onbackorder","12":"purchasable","13":"product-type-simple"},"acf":[],"_links":{"self":[{"href":"https:\/\/travelsafe.nl\/es\/wp-json\/wp\/v2\/product\/45733","targetHints":{"allow":["GET"]}}],"collection":[{"href":"https:\/\/travelsafe.nl\/es\/wp-json\/wp\/v2\/product"}],"about":[{"href":"https:\/\/travelsafe.nl\/es\/wp-json\/wp\/v2\/types\/product"}],"wp:featuredmedia":[{"embeddable":true,"href":"https:\/\/travelsafe.nl\/es\/wp-json\/wp\/v2\/media\/43686"}],"wp:attachment":[{"href":"https:\/\/travelsafe.nl\/es\/wp-json\/wp\/v2\/media?parent=45733"}],"wp:term":[{"taxonomy":"product_brand","embeddable":true,"href":"https:\/\/travelsafe.nl\/es\/wp-json\/wp\/v2\/product_brand?post=45733"},{"taxonomy":"product_cat","embeddable":true,"href":"https:\/\/travelsafe.nl\/es\/wp-json\/wp\/v2\/product_cat?post=45733"},{"taxonomy":"product_tag","embeddable":true,"href":"https:\/\/travelsafe.nl\/es\/wp-json\/wp\/v2\/product_tag?post=45733"}],"curies":[{"name":"wp","href":"https:\/\/api.w.org\/{rel}","templated":true}]}}