{"id":45745,"date":"2019-06-10T22:56:39","date_gmt":"2019-06-10T22:56:39","guid":{"rendered":"https:\/\/travelsafe.nl\/assortiment\/uncategorized\/document-tasje-zwart\/"},"modified":"2023-08-10T14:37:28","modified_gmt":"2023-08-10T14:37:28","slug":"document-tasje-zwart","status":"publish","type":"product","link":"https:\/\/travelsafe.nl\/es\/assortiment\/4-esenciales-de-viaje\/accesorios-de-viaje\/document-tasje-zwart\/","title":{"rendered":"Portadocumentos &#8211; Negro"},"content":{"rendered":"<p>Con esta carpeta de documentos multifuncional, puede guardar juntos todos sus documentos importantes, como su licencia de conducir, tarjeta de cr\u00e9dito, pasaporte, cartilla de vacunaci\u00f3n, boleto, etc. No busque m\u00e1s un documento en su equipaje.<\/p>\n<p>Dimensiones: 26 x 14,5 x 1,5 cm<br \/>\nPeso: 127g<br \/>\nMaterial: \u00a0 \u00a0Poli\u00e9ster<br \/>\ncolor negro<\/p>\n","protected":false},"excerpt":{"rendered":"<p>Con esta carpeta de documentos multifuncional, puede guardar juntos todos sus documentos importantes, como su licencia de conducir, tarjeta de cr\u00e9dito, pasaporte,&hellip;<\/p>\n","protected":false},"featured_media":43531,"template":"","meta":{"_acf_changed":false},"product_brand":[],"product_cat":[2686,2948],"product_tag":[],"class_list":{"0":"post-45745","1":"product","2":"type-product","3":"status-publish","4":"has-post-thumbnail","6":"product_cat-4-esenciales-de-viaje","7":"product_cat-accesorios-de-viaje","9":"first","10":"onbackorder","11":"purchasable","12":"product-type-simple"},"acf":[],"_links":{"self":[{"href":"https:\/\/travelsafe.nl\/es\/wp-json\/wp\/v2\/product\/45745","targetHints":{"allow":["GET"]}}],"collection":[{"href":"https:\/\/travelsafe.nl\/es\/wp-json\/wp\/v2\/product"}],"about":[{"href":"https:\/\/travelsafe.nl\/es\/wp-json\/wp\/v2\/types\/product"}],"wp:featuredmedia":[{"embeddable":true,"href":"https:\/\/travelsafe.nl\/es\/wp-json\/wp\/v2\/media\/43531"}],"wp:attachment":[{"href":"https:\/\/travelsafe.nl\/es\/wp-json\/wp\/v2\/media?parent=45745"}],"wp:term":[{"taxonomy":"product_brand","embeddable":true,"href":"https:\/\/travelsafe.nl\/es\/wp-json\/wp\/v2\/product_brand?post=45745"},{"taxonomy":"product_cat","embeddable":true,"href":"https:\/\/travelsafe.nl\/es\/wp-json\/wp\/v2\/product_cat?post=45745"},{"taxonomy":"product_tag","embeddable":true,"href":"https:\/\/travelsafe.nl\/es\/wp-json\/wp\/v2\/product_tag?post=45745"}],"curies":[{"name":"wp","href":"https:\/\/api.w.org\/{rel}","templated":true}]}}