{"id":45747,"date":"2019-06-10T22:55:16","date_gmt":"2019-06-10T22:55:16","guid":{"rendered":"https:\/\/travelsafe.nl\/assortiment\/uncategorized\/nekkussen-de-luxe-memory-foam-zwart-grijs\/"},"modified":"2023-08-10T14:39:08","modified_gmt":"2023-08-10T14:39:08","slug":"nekkussen-de-luxe-memory-foam-zwart-grijs","status":"publish","type":"product","link":"https:\/\/travelsafe.nl\/es\/assortiment\/4-esenciales-de-viaje\/accesorios-de-viaje\/almohada-de-cuello\/nekkussen-de-luxe-memory-foam-zwart-grijs\/","title":{"rendered":"Almohada de espuma viscoel\u00e1stica para el cuello &#8211; negro\/gris"},"content":{"rendered":"<p>Durante un viaje largo, su cuello puede sufrir bastante, por lo que TravelSafe tiene una amplia gama de almohadas para el cuello. Esta almohada est\u00e1 fabricada en viscoel\u00e1stica, que se amolda al contorno de tu cuello y te asegura el m\u00e1ximo confort y el mejor descanso posible durante un viaje.<\/p>\n<p>Tambi\u00e9n disponible en marr\u00f3n gris\u00e1ceo<\/p>\n<p>Dimensiones: 30 x 30 x 9 cm<br \/>\nPeso: 270g<br \/>\nMaterial: 100 % poli\u00e9ster aterciopelado y espuma.<br \/>\nColor: \u00a0 \u00a0 \u00a0 \u00a0 \u00a0 \u00a0negro-gris<\/p>\n","protected":false},"excerpt":{"rendered":"<p>Durante un viaje largo, su cuello puede sufrir bastante, por lo que TravelSafe tiene una amplia gama de almohadas para el cuello.&hellip;<\/p>\n","protected":false},"featured_media":43373,"template":"","meta":{"_acf_changed":false},"product_brand":[],"product_cat":[2686,2948,2950],"product_tag":[],"class_list":{"0":"post-45747","1":"product","2":"type-product","3":"status-publish","4":"has-post-thumbnail","6":"product_cat-4-esenciales-de-viaje","7":"product_cat-accesorios-de-viaje","8":"product_cat-almohada-de-cuello","10":"first","11":"instock","12":"purchasable","13":"product-type-simple"},"acf":[],"_links":{"self":[{"href":"https:\/\/travelsafe.nl\/es\/wp-json\/wp\/v2\/product\/45747","targetHints":{"allow":["GET"]}}],"collection":[{"href":"https:\/\/travelsafe.nl\/es\/wp-json\/wp\/v2\/product"}],"about":[{"href":"https:\/\/travelsafe.nl\/es\/wp-json\/wp\/v2\/types\/product"}],"wp:featuredmedia":[{"embeddable":true,"href":"https:\/\/travelsafe.nl\/es\/wp-json\/wp\/v2\/media\/43373"}],"wp:attachment":[{"href":"https:\/\/travelsafe.nl\/es\/wp-json\/wp\/v2\/media?parent=45747"}],"wp:term":[{"taxonomy":"product_brand","embeddable":true,"href":"https:\/\/travelsafe.nl\/es\/wp-json\/wp\/v2\/product_brand?post=45747"},{"taxonomy":"product_cat","embeddable":true,"href":"https:\/\/travelsafe.nl\/es\/wp-json\/wp\/v2\/product_cat?post=45747"},{"taxonomy":"product_tag","embeddable":true,"href":"https:\/\/travelsafe.nl\/es\/wp-json\/wp\/v2\/product_tag?post=45747"}],"curies":[{"name":"wp","href":"https:\/\/api.w.org\/{rel}","templated":true}]}}