{"id":45751,"date":"2019-06-10T22:55:24","date_gmt":"2019-06-10T22:55:24","guid":{"rendered":"https:\/\/travelsafe.nl\/assortiment\/uncategorized\/nekkussen-opblaasbaar-soft-turquoise\/"},"modified":"2023-08-10T14:42:17","modified_gmt":"2023-08-10T14:42:17","slug":"nekkussen-opblaasbaar-soft-turquoise","status":"publish","type":"product","link":"https:\/\/travelsafe.nl\/es\/assortiment\/4-esenciales-de-viaje\/accesorios-de-viaje\/almohada-de-cuello\/nekkussen-opblaasbaar-soft-turquoise\/","title":{"rendered":"Coj\u00edn inflable para el cuello &#8211; Turquesa"},"content":{"rendered":"<p>Almohada cervical hinchable fabricada en poli\u00e9ster 30D soft touch suave y confortable. La almohada para el cuello est\u00e1 equipada con una v\u00e1lvula grande para inflar o desinflar la almohada sin esfuerzo. El dise\u00f1o ergon\u00f3mico le ofrece un buen apoyo durante su viaje.<\/p>\n<p>Dimensiones: 47 x 31 cm<br \/>\nPeso: 65g<br \/>\nMaterial: 100 % poli\u00e9ster 30D<br \/>\nColor: \u00a0 \u00a0 \u00a0 \u00a0 \u00a0 \u00a0 Turquesa<\/p>\n","protected":false},"excerpt":{"rendered":"<p>Almohada cervical hinchable fabricada en poli\u00e9ster 30D soft touch suave y confortable. La almohada para el cuello est\u00e1 equipada con una v\u00e1lvula&hellip;<\/p>\n","protected":false},"featured_media":43389,"template":"","meta":{"_acf_changed":false},"product_brand":[],"product_cat":[2686,2948,2950],"product_tag":[],"class_list":{"0":"post-45751","1":"product","2":"type-product","3":"status-publish","4":"has-post-thumbnail","6":"product_cat-4-esenciales-de-viaje","7":"product_cat-accesorios-de-viaje","8":"product_cat-almohada-de-cuello","10":"first","11":"instock","12":"purchasable","13":"product-type-simple"},"acf":[],"_links":{"self":[{"href":"https:\/\/travelsafe.nl\/es\/wp-json\/wp\/v2\/product\/45751","targetHints":{"allow":["GET"]}}],"collection":[{"href":"https:\/\/travelsafe.nl\/es\/wp-json\/wp\/v2\/product"}],"about":[{"href":"https:\/\/travelsafe.nl\/es\/wp-json\/wp\/v2\/types\/product"}],"wp:featuredmedia":[{"embeddable":true,"href":"https:\/\/travelsafe.nl\/es\/wp-json\/wp\/v2\/media\/43389"}],"wp:attachment":[{"href":"https:\/\/travelsafe.nl\/es\/wp-json\/wp\/v2\/media?parent=45751"}],"wp:term":[{"taxonomy":"product_brand","embeddable":true,"href":"https:\/\/travelsafe.nl\/es\/wp-json\/wp\/v2\/product_brand?post=45751"},{"taxonomy":"product_cat","embeddable":true,"href":"https:\/\/travelsafe.nl\/es\/wp-json\/wp\/v2\/product_cat?post=45751"},{"taxonomy":"product_tag","embeddable":true,"href":"https:\/\/travelsafe.nl\/es\/wp-json\/wp\/v2\/product_tag?post=45751"}],"curies":[{"name":"wp","href":"https:\/\/api.w.org\/{rel}","templated":true}]}}