{"id":45754,"date":"2019-06-10T22:55:57","date_gmt":"2019-06-10T22:55:57","guid":{"rendered":"https:\/\/travelsafe.nl\/assortiment\/uncategorized\/rubber-adreslabel-blauw\/"},"modified":"2023-08-10T14:50:45","modified_gmt":"2023-08-10T14:50:45","slug":"rubber-adreslabel-blauw","status":"publish","type":"product","link":"https:\/\/travelsafe.nl\/es\/assortiment\/4-esenciales-de-viaje\/accesorios-de-viaje\/rubber-adreslabel-blauw\/","title":{"rendered":"Etiqueta de direcci\u00f3n de identificaci\u00f3n de caucho Azul"},"content":{"rendered":"<p>Etiqueta de direcci\u00f3n de goma original con cable de fijaci\u00f3n de acero. Esta etiqueta de direcci\u00f3n se puede colocar en cualquier correa o lazo de su equipaje. Etiqueta con impresi\u00f3n original. La robusta carcasa de PVC evita da\u00f1os durante el transporte.<\/p>\n<p>Disponible en los colores: negro, azul y naranja.<\/p>\n<p>Dimensiones: 10,5 x 6,5 cm<br \/>\nPeso: 48g<br \/>\nMaterial:\u00a0 \u00a0 \u00a0 Caucho con cable de fijaci\u00f3n de PVC y acero<br \/>\nColor: Azul<\/p>\n","protected":false},"excerpt":{"rendered":"<p>Etiqueta de direcci\u00f3n de goma original con cable de fijaci\u00f3n de acero. Esta etiqueta de direcci\u00f3n se puede colocar en cualquier correa&hellip;<\/p>\n","protected":false},"featured_media":43465,"template":"","meta":{"_acf_changed":false},"product_brand":[],"product_cat":[2686,2948],"product_tag":[],"class_list":{"0":"post-45754","1":"product","2":"type-product","3":"status-publish","4":"has-post-thumbnail","6":"product_cat-4-esenciales-de-viaje","7":"product_cat-accesorios-de-viaje","9":"first","10":"onbackorder","11":"purchasable","12":"product-type-simple"},"acf":[],"_links":{"self":[{"href":"https:\/\/travelsafe.nl\/es\/wp-json\/wp\/v2\/product\/45754","targetHints":{"allow":["GET"]}}],"collection":[{"href":"https:\/\/travelsafe.nl\/es\/wp-json\/wp\/v2\/product"}],"about":[{"href":"https:\/\/travelsafe.nl\/es\/wp-json\/wp\/v2\/types\/product"}],"wp:featuredmedia":[{"embeddable":true,"href":"https:\/\/travelsafe.nl\/es\/wp-json\/wp\/v2\/media\/43465"}],"wp:attachment":[{"href":"https:\/\/travelsafe.nl\/es\/wp-json\/wp\/v2\/media?parent=45754"}],"wp:term":[{"taxonomy":"product_brand","embeddable":true,"href":"https:\/\/travelsafe.nl\/es\/wp-json\/wp\/v2\/product_brand?post=45754"},{"taxonomy":"product_cat","embeddable":true,"href":"https:\/\/travelsafe.nl\/es\/wp-json\/wp\/v2\/product_cat?post=45754"},{"taxonomy":"product_tag","embeddable":true,"href":"https:\/\/travelsafe.nl\/es\/wp-json\/wp\/v2\/product_tag?post=45754"}],"curies":[{"name":"wp","href":"https:\/\/api.w.org\/{rel}","templated":true}]}}