{"id":46024,"date":"2026-02-19T11:10:00","date_gmt":"2026-02-19T11:10:00","guid":{"rendered":"https:\/\/travelsafe.nl\/?post_type=product&#038;p=46024"},"modified":"2026-02-19T11:35:01","modified_gmt":"2026-02-19T11:35:01","slug":"travelline-filtro-de-agua","status":"publish","type":"product","link":"https:\/\/travelsafe.nl\/es\/assortiment\/filtro-purificador-de-agua\/travelline-filtro-de-agua\/","title":{"rendered":"Travelline Filtro de Agua"},"content":{"rendered":"<p><strong>Filtro de Agua TravelSafe: Agua Potable Segura y Pura Dondequiera que Vaya<\/strong><\/p>\n<p>En Europa Occidental y Norteam\u00e9rica, el agua del grifo suele ser de excelente calidad. Sin embargo, si viaja a otras partes del mundo, es recomendable tomar precauciones adicionales para purificar el agua potable o usar agua embotellada. Incluso al aventurarse en la naturaleza, a menudo no se tiene acceso confiable a agua potable limpia. El agua superficial puede estar contaminada con microorganismos, bacterias y virus, y ese no es el tipo de agua que desea beber.<\/p>\n<p><strong>\u00bfC\u00f3mo Funciona?<\/strong><br \/>\nEl filtro de agua TravelSafe utiliza dos elementos filtrantes:<br \/>\nFiltro de microfibra hueco: Este elemento filtrante purifica el agua mediante tubos de microfibra que atrapan bacterias y protozoos da\u00f1inos.<br \/>\nFiltro de carb\u00f3n reemplazable: Este filtro reduce la presencia de qu\u00edmicos y mejora el sabor del agua.<\/p>\n<p>Gracias a la avanzada tecnolog\u00eda de microfibra, basada en di\u00e1lisis m\u00e9dica, el agua de lagos, r\u00edos y arroyos se purifica eficazmente. El agua fluye a trav\u00e9s de las paredes de los tubos de microfibra hacia el n\u00facleo hueco, mientras que las bacterias y protozoos da\u00f1inos quedan retenidos en el exterior.<\/p>\n<p>Con el filtro de agua TravelSafe, \u00a1siempre tendr\u00e1s agua potable limpia y segura, dondequiera que te lleve tu aventura!<\/p>\n<p>Especificaciones<\/p>\n<ul>\n<li>Capacidad de hasta 5000 litros, seg\u00fan la calidad del agua<\/li>\n<li>Caudal de 450 ml por minuto<\/li>\n<li>Filtro hueco de microfibra con un di\u00e1metro de poro de 0,1 micras<\/li>\n<li>Elimina el 99,9 % de bacterias (incluida E. coli)<\/li>\n<li>Elimina el 99,9 % de par\u00e1sitos y protozoos (Giardia lamblia y Cryptosporidium)<\/li>\n<li>Filtra micropl\u00e1sticos<\/li>\n<li>Apto para temperaturas entre 0 y 32 \u00b0C<\/li>\n<li>F\u00e1cil de limpiar<\/li>\n<li>Filtros de repuesto disponibles por separado<\/li>\n<\/ul>\n","protected":false},"excerpt":{"rendered":"<p>Filtro de Agua TravelSafe: Agua Potable Segura y Pura Dondequiera que Vaya En Europa Occidental y Norteam\u00e9rica, el agua del grifo suele&hellip;<\/p>\n","protected":false},"featured_media":46014,"template":"","meta":{"_acf_changed":false},"product_brand":[],"product_cat":[4822],"product_tag":[],"class_list":{"0":"post-46024","1":"product","2":"type-product","3":"status-publish","4":"has-post-thumbnail","6":"product_cat-filtro-purificador-de-agua","8":"first","9":"outofstock","10":"shipping-taxable","11":"purchasable","12":"product-type-simple"},"acf":[],"_links":{"self":[{"href":"https:\/\/travelsafe.nl\/es\/wp-json\/wp\/v2\/product\/46024","targetHints":{"allow":["GET"]}}],"collection":[{"href":"https:\/\/travelsafe.nl\/es\/wp-json\/wp\/v2\/product"}],"about":[{"href":"https:\/\/travelsafe.nl\/es\/wp-json\/wp\/v2\/types\/product"}],"wp:featuredmedia":[{"embeddable":true,"href":"https:\/\/travelsafe.nl\/es\/wp-json\/wp\/v2\/media\/46014"}],"wp:attachment":[{"href":"https:\/\/travelsafe.nl\/es\/wp-json\/wp\/v2\/media?parent=46024"}],"wp:term":[{"taxonomy":"product_brand","embeddable":true,"href":"https:\/\/travelsafe.nl\/es\/wp-json\/wp\/v2\/product_brand?post=46024"},{"taxonomy":"product_cat","embeddable":true,"href":"https:\/\/travelsafe.nl\/es\/wp-json\/wp\/v2\/product_cat?post=46024"},{"taxonomy":"product_tag","embeddable":true,"href":"https:\/\/travelsafe.nl\/es\/wp-json\/wp\/v2\/product_tag?post=46024"}],"curies":[{"name":"wp","href":"https:\/\/api.w.org\/{rel}","templated":true}]}}